{"id":11808,"date":"2024-02-13T10:34:20","date_gmt":"2024-02-13T10:34:20","guid":{"rendered":"https:\/\/shop.studiovix.nl\/product\/bla-tit-papier-roller-a1\/"},"modified":"2025-07-17T16:22:23","modified_gmt":"2025-07-17T16:22:23","slug":"papier-roller-papierrollen-wandhalter","status":"publish","type":"product","link":"https:\/\/shop.studiovix.nl\/de\/produkt\/papier-roller-papierrollen-wandhalter\/","title":{"rendered":"Bl\u00e5 Tit Papier-Roller A1 | Papierrollen-Wandhalter"},"content":{"rendered":"<h2><strong data-start=\"271\" data-end=\"312\">Bla-Tit Papierroller | Papierrollenhalter<\/strong><\/h2>\n<p>Ein stilvoller und funktional durchdachter Papierroller zur Wandmontage \u2013 ideal f\u00fcr Ihre Arbeits-, Besprechungs- oder Lernumgebung.<\/p>\n<p>Funktional und dekorativ.<\/p>\n<p data-start=\"157\" data-end=\"266\">Dieser Bl\u00e5-Tit Papierrollen-Wandhalter hat die Form eines l\u00e4nglichen Vogelh\u00e4uschens, in dem eine Papierrolle h\u00e4ngt.<\/p>\n<p data-start=\"268\" data-end=\"325\">Der <strong data-start=\"271\" data-end=\"312\">Bl\u00e5-Tit Papierroller zur Wandmontage <\/strong>besteht aus:<\/p>\n<ul data-start=\"327\" data-end=\"458\">\n<li data-start=\"327\" data-end=\"340\">\n<p data-start=\"329\" data-end=\"340\">Vogelhaus<\/p>\n<\/li>\n<li data-start=\"341\" data-end=\"373\">\n<p data-start=\"343\" data-end=\"373\">Abrei\u00dfleiste<\/p>\n<\/li>\n<li data-start=\"374\" data-end=\"443\">\n<p data-start=\"376\" data-end=\"443\">A1-Papierrolle (FSC, 90 g\/m\u00b2, 50 m x 61 cm \u2013 im Lieferumfang enthalten)<\/p>\n<\/li>\n<li data-start=\"444\" data-end=\"458\">\n<p data-start=\"446\" data-end=\"458\">Montageset<\/p>\n<\/li>\n<\/ul>\n<p data-start=\"460\" data-end=\"609\"><strong data-start=\"460\" data-end=\"474\">Material:<\/strong> Pulverbeschichteter Stahl<br data-start=\"493\" data-end=\"496\"><strong data-start=\"496\" data-end=\"506\">Farbe:<\/strong> Schwarz<br data-start=\"512\" data-end=\"515\"><strong data-start=\"515\" data-end=\"531\">Recycelbar:<\/strong> 99\u202f%<br data-start=\"535\" data-end=\"538\"><strong data-start=\"538\" data-end=\"552\">Herstellung:<\/strong> 100\u202f% in den Niederlanden<br data-start=\"570\" data-end=\"573\"><strong data-start=\"573\" data-end=\"588\">Ma\u00dfe:<\/strong> 210 \u00d7 190 \u00d7 620 mm<\/p>\n<p data-start=\"611\" data-end=\"656\"><strong data-start=\"611\" data-end=\"640\">Lieferzeit innerhalb NL &amp; EU: <\/strong>3\u20137 Werktage<\/p>\n<hr data-start=\"658\" data-end=\"661\">\n<h3 data-start=\"663\" data-end=\"728\"><strong data-start=\"667\" data-end=\"728\">Warum ist der Bl\u00e5-Tit Papier-Roller das ultimative Projektwerkzeug?<\/strong><\/h3>\n<p data-start=\"730\" data-end=\"990\">Entdecken Sie die Kraft des Schreibens auf einem gro\u00dfen Blatt Papier an der Wand!<br \/>Ideal, um Gedanken, Projektpl\u00e4ne, Ziele und Ideen gro\u00df und klar sichtbar zu machen. Perfekt f\u00fcr Projektteams und projektbasiertes Lernen. Es f\u00f6rdert die Beteiligung und steigert die Konzentration.   <\/p>\n<p data-start=\"992\" data-end=\"1144\">Ein gro\u00dfes Blatt Papier bietet Raum, Ideen visuell zu entwickeln \u2013 das regt kreatives Denken an und hilft, Zusammenh\u00e4nge besser zu erkennen<\/p>\n<p data-start=\"1146\" data-end=\"1421\">Indem der Papierroller im Raum aufgeh\u00e4ngt wird, lassen sich Gedanken schnell festhalten und Ideen gemeinsam weiterentwickeln.<br data-start=\"1262\" data-end=\"1265\">Der Bla-Tit Papierroller f\u00f6rdert die Zusammenarbeit: Gemeinsames Schreiben, Zeichnen oder Brainstormen f\u00fchrt zu mehr Ideenaustausch und gr\u00f6\u00dferer Beteiligung.<\/p>\n<p data-start=\"1423\" data-end=\"1647\"><strong data-start=\"1423\" data-end=\"1510\">Wussten Sie, dass das physische Festhalten von Ideen das Erinnerungsverm\u00f6gen verbessert?<\/strong><br data-start=\"1510\" data-end=\"1513\">Nutzen Sie diesen Papierrollen-Wandhalter im Unterricht, bei Schulungen oder Projektsitzungen, um den Entwicklungsprozess wirkungsvoll zu unterst\u00fctzen!<\/p>\n<div>\n<p>&nbsp;<\/p>\n<p>&nbsp;<\/p>\n<\/div>\n","protected":false},"excerpt":{"rendered":"<p>Ein charmantes Vogelh\u00e4uschen mit einer Papierrolle \u2013 ideal zum Notieren von Gedanken, Ideen, Erinnerungen, Skizzen oder Pl\u00e4nen. F\u00fcr die Wand oder den Tisch. <\/p>\n<p>Extra breite, meterweise Papierbahn zum Beschreiben.<br \/>\nZum Teilen von Gedanken mit anderen.<br \/>\nPerfekt f\u00fcr gemeinsames Brainstorming oder Scrum-Sessions.<br \/>\nZum schnellen Festhalten von Notizen und Erinnerungen.<br \/>\nVerwendbar im B\u00fcro, in der Schule, zu Hause oder im Restaurant.<\/p>\n","protected":false},"featured_media":1450,"template":"","meta":[],"product_brand":[278],"product_cat":[110],"product_tag":[439,438,397,437],"class_list":{"0":"post-11808","1":"product","2":"type-product","3":"status-publish","4":"has-post-thumbnail","6":"product_brand-studiovix","7":"product_cat-studio-tools","8":"product_tag-a1-papierrolle","9":"product_tag-papierrollenhalter-de","10":"product_tag-papierroller","11":"product_tag-papierroller-de","12":"product_shipping_class-versandklasse-klein","14":"first","15":"instock","16":"taxable","17":"shipping-taxable","18":"purchasable","19":"product-type-variable","20":"has-default-attributes"},"aioseo_notices":[],"jetpack_sharing_enabled":true,"_links":{"self":[{"href":"https:\/\/shop.studiovix.nl\/de\/wp-json\/wp\/v2\/product\/11808","targetHints":{"allow":["GET"]}}],"collection":[{"href":"https:\/\/shop.studiovix.nl\/de\/wp-json\/wp\/v2\/product"}],"about":[{"href":"https:\/\/shop.studiovix.nl\/de\/wp-json\/wp\/v2\/types\/product"}],"wp:featuredmedia":[{"embeddable":true,"href":"https:\/\/shop.studiovix.nl\/de\/wp-json\/wp\/v2\/media\/1450"}],"wp:attachment":[{"href":"https:\/\/shop.studiovix.nl\/de\/wp-json\/wp\/v2\/media?parent=11808"}],"wp:term":[{"taxonomy":"product_brand","embeddable":true,"href":"https:\/\/shop.studiovix.nl\/de\/wp-json\/wp\/v2\/product_brand?post=11808"},{"taxonomy":"product_cat","embeddable":true,"href":"https:\/\/shop.studiovix.nl\/de\/wp-json\/wp\/v2\/product_cat?post=11808"},{"taxonomy":"product_tag","embeddable":true,"href":"https:\/\/shop.studiovix.nl\/de\/wp-json\/wp\/v2\/product_tag?post=11808"}],"curies":[{"name":"wp","href":"https:\/\/api.w.org\/{rel}","templated":true}]}}