{"id":13009,"date":"2024-05-13T12:29:22","date_gmt":"2024-05-13T12:29:22","guid":{"rendered":"https:\/\/shop.studiovix.nl\/product\/iris-akustik-wandpaneel-baffles\/"},"modified":"2024-05-13T12:29:22","modified_gmt":"2024-05-13T12:29:22","slug":"iris-akustik-wandpaneel-baffles","status":"publish","type":"product","link":"https:\/\/shop.studiovix.nl\/de\/produkt\/iris-akustik-wandpaneel-baffles\/","title":{"rendered":"IRIS AKUSTIK-WANDPANEEL &amp; BAFFLES"},"content":{"rendered":"<div class=\"vc_custom_heading_wrap \">\n<div class=\"heading-text el-text\">\n<h2><strong>IRIS AKUSTIK-WANDPANEEL &amp; BAFFLES<\/strong><\/h2>\n<p>Entdecken Sie die Vielseitigkeit unserer IRIS Akustik-Wandpaneele und Baffles. Sie absorbieren Schall besonders effektiv (85\u201395\u202f%) und verleihen jedem Raum eine beruhigende, stilvolle Note. Ihre samtweiche Oberfl\u00e4che und der faszinierende Farbverlauf machen sie zu einem echten Blickfang.  <\/p>\n<p data-start=\"406\" data-end=\"636\">Ob an der Wand montiert oder frei im Raum h\u00e4ngend \u2013 die IRIS Akustikpaneele und Baffles bieten visuellen, haptischen und akustischen Komfort. So schaffen sie ein multisensorisches Erlebnis von Ruhe und Entspannung. <\/p>\n<h3 data-start=\"638\" data-end=\"666\"><strong data-start=\"642\" data-end=\"666\">Jedes Paneel ist ein Unikat.<\/strong><\/h3>\n<p data-start=\"667\" data-end=\"1055\">In sorgf\u00e4ltiger Handarbeit bringen wir einen verlaufenden Farbstoff aus samtigen Textilfasern auf. Dies macht die Paneele nicht nur akustisch \u00e4u\u00dferst wirksam, sondern auch visuell faszinierend. Die feinen Muster erinnern an Luft, Meer oder Eis \u2013 eine wahre Oase der Ruhe.<br data-start=\"968\" data-end=\"971\">Die Akustik-Baffles sind rundum mit einer weichen Samtoberfl\u00e4che versehen.  <\/p>\n<h3 data-start=\"1057\" data-end=\"1080\"><strong data-start=\"1061\" data-end=\"1080\">Stilvoll &amp; Leise<\/strong><\/h3>\n<p data-start=\"1081\" data-end=\"1606\">Die IRIS Akustik-Wandpaneele und Baffles besitzen eine ausgezeichnete Schallabsorption (85\u201395\u202f%). Gef\u00fcllt mit hochwertiger Akustikwolle aus besonders langen Fasern, die viele kleine Luftkammern bilden, absorbieren sie Schall optimal.<br \/>Sie sind ideal zur Verbesserung der Raumakustik \u2013 insbesondere bei Sprach- und Klingelt\u00f6nen \u2013 in halligen R\u00e4umen wie B\u00fcros, Studios, Klassenzimmern, Restaurants oder Wohnbereichen. Sie reduzieren Nachhall und verbessern die Sprachverst\u00e4ndlichkeit, was die Atmosph\u00e4re deutlich angenehmer macht.   <\/p>\n<h2 data-start=\"1613\" data-end=\"1659\"><strong data-start=\"1616\" data-end=\"1659\">Nat\u00fcrliche Harmonie<\/strong><\/h2>\n<p data-start=\"1661\" data-end=\"1920\">Die IRIS Akustikpaneele und Baffles sind von der Natur inspiriert. Denken Sie an den sanften Farbverlauf einer verschneiten Landschaft, eines gefrorenen Wasserfalls, vorbeiziehender Wolken oder an die ruhigen Wellen des Meeres. <\/p>\n<p data-start=\"1922\" data-end=\"2257\">Wissenschaftliche Studien zeigen, dass Menschen eine nat\u00fcrliche Vorliebe f\u00fcr Muster und Strukturen aus der Natur haben. Diese visuellen Strukturen helfen, Stress zu reduzieren und die Konzentration zu f\u00f6rdern, indem sie unsere Aufmerksamkeit umlenken. Unser Gehirn assoziiert diese Formen instinktiv mit der beruhigenden Kraft der Natur.  <\/p>\n<hr class=\"\" data-start=\"2669\" data-end=\"2672\">\n<h2 class=\"\" data-start=\"2674\" data-end=\"2689\">Zusammengefasst<\/h2>\n<p class=\"\" data-start=\"2690\" data-end=\"2732\">IRIS Akustikpaneele und Baffles:<\/p>\n<ul>\n<li style=\"list-style-type: none;\">\n<ul>\n<li data-start=\"421\" data-end=\"464\">Hohe Schallabsorption: 85\u201395\u202f%<\/li>\n<li data-start=\"421\" data-end=\"464\">Mit samtweicher Struktur und Farbverlauf<\/li>\n<li data-start=\"467\" data-end=\"507\">Als Wandpaneel oder frei h\u00e4ngendes Baffle erh\u00e4ltlich<\/li>\n<li data-start=\"510\" data-end=\"556\">Ideal f\u00fcr B\u00fcro, Schule, Studio oder Zuhause<\/li>\n<li data-start=\"559\" data-end=\"585\">Handgefertigt in den Niederlanden<\/li>\n<li>In verschiedenen Gr\u00f6\u00dfen und Farben erh\u00e4ltlich<\/li>\n<\/ul>\n<\/li>\n<\/ul>\n<\/div>\n<\/div>\n<div>\n<div class=\"uncode_text_column\">\n<div class=\"uncode_text_column\">\n<div class=\"uncode_text_column\">\n<h2><img fetchpriority=\"high\" decoding=\"async\" class=\"alignnone size-medium wp-image-4713\" src=\"https:\/\/shop.studiovix.nl\/wp-content\/uploads\/2025\/04\/Akoestische-baffles-en-wandpanelen-geluidsabsorptie-op-kantoor-blauw-300x190.jpeg\" alt=\"Akustik-Baffles und Wandpaneele in Blau\" width=\"300\" height=\"190\" srcset=\"https:\/\/shop.studiovix.nl\/wp-content\/uploads\/2025\/04\/Akoestische-baffles-en-wandpanelen-geluidsabsorptie-op-kantoor-blauw-300x190.jpeg 300w, https:\/\/shop.studiovix.nl\/wp-content\/uploads\/2025\/04\/Akoestische-baffles-en-wandpanelen-geluidsabsorptie-op-kantoor-blauw-1024x648.jpeg 1024w, https:\/\/shop.studiovix.nl\/wp-content\/uploads\/2025\/04\/Akoestische-baffles-en-wandpanelen-geluidsabsorptie-op-kantoor-blauw-768x486.jpeg 768w, https:\/\/shop.studiovix.nl\/wp-content\/uploads\/2025\/04\/Akoestische-baffles-en-wandpanelen-geluidsabsorptie-op-kantoor-blauw-600x379.jpeg 600w, https:\/\/shop.studiovix.nl\/wp-content\/uploads\/2025\/04\/Akoestische-baffles-en-wandpanelen-geluidsabsorptie-op-kantoor-blauw.jpeg 1404w\" sizes=\"(max-width: 300px) 100vw, 300px\" \/><br \/>\nIRIS Spezifikationen:<\/h2>\n<\/div>\n<\/div>\n<\/div>\n<\/div>\n<p><strong>F\u00fcllung:<\/strong> Akustikwolle<\/p>\n<p><strong>Oberfl\u00e4che:<\/strong> Spezialsamt, bestehend aus feinen Textilfasern, von Hand in zwei Farben aufgebracht<\/p>\n<p><strong>Lieferumfang:<\/strong><br \/>\nWandmontage-Set \/ Deckenmontage-Set (verstellbar mit 2 m Aufh\u00e4ngedraht)<\/p>\n<p><strong>Lieferzeit (NL &amp; EU):<\/strong> 3\u20135 Wochen<\/p>\n<p>Kontaktieren Sie uns f\u00fcr individuelle Farben und Ma\u00dfe.<\/p>\n","protected":false},"excerpt":{"rendered":"<p>Die IRIS Akustik-Wandpaneele und Baffles vereinen Stil und akustischen Komfort. Mit ihrer hohen Schallabsorption und beruhigenden Ausstrahlung schaffen sie R\u00e4ume, in denen man sich gerne aufh\u00e4lt. <\/p>\n<p>Die IRIS Akustikpaneele und Baffles sind<strong> \u00e4u\u00dferst effektiv bei der Schallabsorption, der Reduzierung von Nachhall und der Verbesserung der Sprachverst\u00e4ndlichkei<\/strong>t \u2013 ideal f\u00fcr B\u00fcros, Studios, Klassenzimmer, Restaurants und Wohnr\u00e4ume.<br \/>Bei Sprachfrequenzen liegt der Schallabsorptionswert der IRIS Paneele bei 85\u201395\u202f%, bei h\u00f6heren T\u00f6nen wie Klingelger\u00e4uschen sogar \u00fcber 90\u201395\u202f%. <\/p>\n<p>Die Wandpaneele und Baffles sind rundum mit einer samtweichen Oberfl\u00e4che versehen.<\/p>\n<p><strong>Ma\u00dfanfertigung:<\/strong> Wir fertigen IRIS Paneele auch nach Ma\u00df \u2013 in verschiedenen Gr\u00f6\u00dfen und Farbkombinationen.<br \/>Bei Fragen oder individuellen W\u00fcnschen kontaktieren Sie uns bitte: <strong>Mail:<\/strong> <a href=\"mailto:info@studiovix.nl\">info@studiovix.nl<\/a> | <strong>tel:<\/strong> 030-7600170 <\/p>\n<p><strong>Lieferumfang:<\/strong><br \/>\nWandmontage-Set \/ Deckenmontage-Set (verstellbar mit 2\u202fm Aufh\u00e4ngedraht)<\/p>\n","protected":false},"featured_media":2338,"template":"","meta":[],"product_brand":[278],"product_cat":[151],"product_tag":[356,231,354,230,359,261,355,358,357],"class_list":{"0":"post-13009","1":"product","2":"type-product","3":"status-publish","4":"has-post-thumbnail","6":"product_brand-studiovix","7":"product_cat-akustik-pinnwaende","8":"product_tag-akoestiek-op-maat-de","9":"product_tag-akoestische-wandpanelen-de","10":"product_tag-akustik-baffle","11":"product_tag-akustik-wandpaneel","12":"product_tag-akustisches-dekorpaneel","13":"product_tag-akustisches-kunstwerk","14":"product_tag-dekorative-akustik","15":"product_tag-schallabsorbierendes-wandpaneel","16":"product_tag-schallpaneel","17":"product_shipping_class-versandklasse-gros","19":"first","20":"instock","21":"taxable","22":"shipping-taxable","23":"purchasable","24":"product-type-variable"},"aioseo_notices":[],"jetpack_sharing_enabled":true,"_links":{"self":[{"href":"https:\/\/shop.studiovix.nl\/de\/wp-json\/wp\/v2\/product\/13009","targetHints":{"allow":["GET"]}}],"collection":[{"href":"https:\/\/shop.studiovix.nl\/de\/wp-json\/wp\/v2\/product"}],"about":[{"href":"https:\/\/shop.studiovix.nl\/de\/wp-json\/wp\/v2\/types\/product"}],"wp:featuredmedia":[{"embeddable":true,"href":"https:\/\/shop.studiovix.nl\/de\/wp-json\/wp\/v2\/media\/2338"}],"wp:attachment":[{"href":"https:\/\/shop.studiovix.nl\/de\/wp-json\/wp\/v2\/media?parent=13009"}],"wp:term":[{"taxonomy":"product_brand","embeddable":true,"href":"https:\/\/shop.studiovix.nl\/de\/wp-json\/wp\/v2\/product_brand?post=13009"},{"taxonomy":"product_cat","embeddable":true,"href":"https:\/\/shop.studiovix.nl\/de\/wp-json\/wp\/v2\/product_cat?post=13009"},{"taxonomy":"product_tag","embeddable":true,"href":"https:\/\/shop.studiovix.nl\/de\/wp-json\/wp\/v2\/product_tag?post=13009"}],"curies":[{"name":"wp","href":"https:\/\/api.w.org\/{rel}","templated":true}]}}