{"id":14193,"date":"2025-12-08T17:11:25","date_gmt":"2025-12-08T17:11:25","guid":{"rendered":"https:\/\/shop.studiovix.nl\/product\/wallaby-magnetisches-memoboard\/"},"modified":"2025-12-08T17:11:25","modified_gmt":"2025-12-08T17:11:25","slug":"wallaby-magnetisches-memoboard","status":"publish","type":"product","link":"https:\/\/shop.studiovix.nl\/de\/produkt\/wallaby-magnetisches-memoboard\/","title":{"rendered":"WALLABY Magnetisches Memoboard"},"content":{"rendered":"<h2>WALLABY Magnetisches Memoboard | Whiteboard \u2013 Design &amp; Funktion in einem<\/h2>\n<p>Die <strong>Wallaby Small &amp; Medium Whiteboards<\/strong> sind stilvolle, rahmenlose<br \/>\n<strong>magnetische Memoboards<\/strong> in Farbe in einer eleganten Wandhalterung.<br \/>\nF\u00fcr farbenfrohe, kreative Sessions im B\u00fcro, am Besprechungsort (im Hotel), in Bildungseinrichtungen oder zu Hause.<br \/>\nDank der hochwertigen magnetischen Schreiboberfl\u00e4che nutzen Sie das Wallaby als<br \/>\n<strong>Whiteboard, Memoboard oder Moodboard<\/strong> , write, erase &amp; repeat.<\/p>\n<p><!-- STIJLVOL ONTWERP --><\/p>\n<h2>Stilvolles Design, ein Whiteboard in Farbe in einer eleganten Markerhalterung.<\/h2>\n<p data-start=\"78\" data-end=\"247\">Die Modelle Small (60\u00d7100 cm) und Medium (100\u00d7120 cm) <br \/>Wallaby-Memoboards werden mit einer eleganten Stahlhalterung geliefert, versehen mit einer hochwertigen Feinstruktur-Pulverbeschichtung.<\/p>\n<p data-start=\"249\" data-end=\"495\">Das Whiteboard steht stabil in der Halterung und lehnt leicht an der Wand.<br data-start=\"319\" data-end=\"322\">Die Halterung bietet Platz f\u00fcr Marker und Zubeh\u00f6r.<br data-start=\"373\" data-end=\"376\">Das Memoboard l\u00e4sst sich einfach herausnehmen \u2013 ideal f\u00fcr die Nutzung auf dem Tisch, auf einem Schreibtisch oder an einem anderen Ort im Raum.<\/p>\n<p data-start=\"497\" data-end=\"628\">Das rahmenlose Design sorgt f\u00fcr eine klare und minimalistische Optik: eine stilvolle Komposition an der Wand, die zur Interaktion einl\u00e4dt.<\/p>\n<p><!-- WAAROM KIEZEN VOOR WALLABY --><\/p>\n<h2>Warum das Wallaby magnetische Memoboard w\u00e4hlen?<\/h2>\n<h3>Wichtigste Merkmale<\/h3>\n<ul>\n<li><strong>Magnetisches Memoboard <\/strong>\u2013 geeignet f\u00fcr Magnete, Notizen und Karten.<\/li>\n<li><strong>Hochwertige Whiteboard-Oberfl\u00e4che<\/strong> \u2013 gl\u00e4nzend, fleckenfrei und trocken abwischbar, ohne Ghosting.<\/li>\n<li><strong>Portable Whiteboard<\/strong> \u2013 leicht aus der Halterung entnehmbar, auch auf Tisch oder Schreibtisch verwendbar.<\/li>\n<li><strong>Stilvolle Markerhalterung<\/strong> \u2013 zur Ablage von Markern und zur eleganten Pr\u00e4sentation des Boards im Raum.<\/li>\n<li><strong>Das Board ist in 2 Formaten erh\u00e4ltlich:<\/strong>\n<ul>\n<li>S: 60\u00d7100 cm<\/li>\n<li>M: 100\u00d7120 cm<\/li>\n<\/ul>\n<\/li>\n<li>In Farbe \u2013 4 Standard-Warmfarben oder jede gew\u00fcnschte Innenraumfarbe auf Anfrage.\n<\/li>\n<li>100 % niederl\u00e4ndisches Design &amp; Produktion \u2013 lokal und mit Blick f\u00fcrs Detail.<\/li>\n<\/ul>\n<p><!-- TOEPASSINGEN --><\/p>\n<h2>Anwendungen des Wallaby magnetischen Memoboards<\/h2>\n<p>Nutzen Sie das Wallaby Small &amp; Medium als:<\/p>\n<ul>\n<li><strong>Whiteboard f\u00fcr Besprechungsr\u00e4ume <\/strong>\u2013 Brainstormings, Planungen und kreative Sessions.<\/li>\n<li><strong>Pr\u00e4sentationsboard<\/strong> in Hotels und Restaurants.<\/li>\n<li><strong>Magnetisches Memoboard<\/strong> im B\u00fcro, in Schulen oder zu Hause.<\/li>\n<li><strong>Moodboard <\/strong>f\u00fcr Designer.<\/li>\n<\/ul>\n<p><!-- TECHNISCHE SPECIFICATIES --><\/p>\n<h2>Technische Spezifikationen<\/h2>\n<ul>\n<li>Formaten: <strong>60\u00d7100 cm (S)<\/strong> &amp; <strong>100\u00d7120 cm (M)<\/strong><\/li>\n<li>Rahmenloses Design.<\/li>\n<li>Magnetisch &amp; beschreibbar.<\/li>\n<li>Hochwertige, gl\u00e4nzende Oberfl\u00e4che \u2013 kein Ghosting.<\/li>\n<li>Kompatibel mit allen Whiteboard-Markern.<\/li>\n<li>In Halterung: freistehend an der Wand.<\/li>\n<li>Elegante profilierte Halterung aus Stahl, pulverbeschichtet.<\/li>\n<li>Erh\u00e4ltlich in 5 Standardfarben oder in jeder gew\u00fcnschten Projektfarbe<\/li>\n<\/ul>\n<p><img decoding=\"async\" class=\"alignnone wp-image-13287\" src=\"https:\/\/shop.studiovix.nl\/wp-content\/uploads\/2025\/12\/Whiteboard-muur-rose.jpg\" alt=\"Whiteboard in der Farbe Rosa StudioVIX\" width=\"71\" height=\"71\" srcset=\"https:\/\/shop.studiovix.nl\/wp-content\/uploads\/2025\/12\/Whiteboard-muur-rose.jpg 300w, https:\/\/shop.studiovix.nl\/wp-content\/uploads\/2025\/12\/Whiteboard-muur-rose-150x150.jpg 150w, https:\/\/shop.studiovix.nl\/wp-content\/uploads\/2025\/12\/Whiteboard-muur-rose-100x100.jpg 100w\" sizes=\"(max-width: 71px) 100vw, 71px\" \/> <img decoding=\"async\" class=\"alignnone wp-image-13283\" src=\"https:\/\/shop.studiovix.nl\/wp-content\/uploads\/2025\/12\/Whiteboard-muur-groen.jpg\" alt=\"Whiteboard in der Farbe Gr\u00fcn StudioVIX\" width=\"71\" height=\"71\" srcset=\"https:\/\/shop.studiovix.nl\/wp-content\/uploads\/2025\/12\/Whiteboard-muur-groen.jpg 300w, https:\/\/shop.studiovix.nl\/wp-content\/uploads\/2025\/12\/Whiteboard-muur-groen-150x150.jpg 150w, https:\/\/shop.studiovix.nl\/wp-content\/uploads\/2025\/12\/Whiteboard-muur-groen-100x100.jpg 100w\" sizes=\"(max-width: 71px) 100vw, 71px\" \/> <img decoding=\"async\" class=\"alignnone wp-image-13279\" src=\"https:\/\/shop.studiovix.nl\/wp-content\/uploads\/2025\/12\/Whiteboard-muur-blauw.jpg\" alt=\"Whiteboard in der Farbe Blau StudioVIX\" width=\"71\" height=\"71\" srcset=\"https:\/\/shop.studiovix.nl\/wp-content\/uploads\/2025\/12\/Whiteboard-muur-blauw.jpg 300w, https:\/\/shop.studiovix.nl\/wp-content\/uploads\/2025\/12\/Whiteboard-muur-blauw-150x150.jpg 150w, https:\/\/shop.studiovix.nl\/wp-content\/uploads\/2025\/12\/Whiteboard-muur-blauw-100x100.jpg 100w\" sizes=\"(max-width: 71px) 100vw, 71px\" \/> <img loading=\"lazy\" decoding=\"async\" class=\"alignnone wp-image-13275\" src=\"https:\/\/shop.studiovix.nl\/wp-content\/uploads\/2025\/12\/Whiteboard-muur-beige.jpg\" alt=\"Whiteboard in Bronzefarbe StudioVIX\" width=\"71\" height=\"71\" srcset=\"https:\/\/shop.studiovix.nl\/wp-content\/uploads\/2025\/12\/Whiteboard-muur-beige.jpg 300w, https:\/\/shop.studiovix.nl\/wp-content\/uploads\/2025\/12\/Whiteboard-muur-beige-150x150.jpg 150w, https:\/\/shop.studiovix.nl\/wp-content\/uploads\/2025\/12\/Whiteboard-muur-beige-100x100.jpg 100w\" sizes=\"(max-width: 71px) 100vw, 71px\" \/> <img loading=\"lazy\" decoding=\"async\" class=\"alignnone wp-image-13271\" src=\"https:\/\/shop.studiovix.nl\/wp-content\/uploads\/2025\/12\/Muurboad1_58x88-kopie-licht-300x232.jpg\" alt=\"stijlvol magnetisch memobord | whiteboard formaat 60x100 cm kleur wit van StudioVIX\" width=\"180\" height=\"139\" srcset=\"https:\/\/shop.studiovix.nl\/wp-content\/uploads\/2025\/12\/Muurboad1_58x88-kopie-licht-300x232.jpg 300w, https:\/\/shop.studiovix.nl\/wp-content\/uploads\/2025\/12\/Muurboad1_58x88-kopie-licht-1024x791.jpg 1024w, https:\/\/shop.studiovix.nl\/wp-content\/uploads\/2025\/12\/Muurboad1_58x88-kopie-licht-768x593.jpg 768w, https:\/\/shop.studiovix.nl\/wp-content\/uploads\/2025\/12\/Muurboad1_58x88-kopie-licht-1536x1187.jpg 1536w, https:\/\/shop.studiovix.nl\/wp-content\/uploads\/2025\/12\/Muurboad1_58x88-kopie-licht-600x464.jpg 600w, https:\/\/shop.studiovix.nl\/wp-content\/uploads\/2025\/12\/Muurboad1_58x88-kopie-licht.jpg 1553w\" sizes=\"(max-width: 180px) 100vw, 180px\" \/><\/p>\n<p><!-- MAATWERK & CTA --><\/p>\n<h2>Ma\u00dfanfertigung f\u00fcr Innenarchitekten &amp; Objekteinrichter<\/h2>\n<p>StudioVIX denkt gerne mit \u00fcber Farbe, Anwendung und Integration <br \/>\n<strong>des magnetischen Memoboards Wallaby<\/strong> in Ihr Design. Wir visualisieren Farbe und Ma\u00df in Ihrem Raum, sodass es perfekt zum Innenraumkonzept passt.<\/p>\n<p><a class=\"button wallaby-contact-button\" title=\"Kontakt zu StudioVIX\" href=\"mailto:sales@studiovix.nl\"><br \/>\nKontaktieren Sie uns f\u00fcr Beratung &amp; Anpassung<\/a><\/p>\n","protected":false},"excerpt":{"rendered":"<p><strong data-start=\"539\" data-end=\"587\">WALLABY Magnetisches Memoboard \u2013 in Farbe, mit eleganter Halterung<\/strong><\/p>\n<p data-start=\"65\" data-end=\"525\">Ein stilvolles Design-Whiteboard und magnetisches Memoboard in einem.<br data-start=\"443\" data-end=\"446\">Das Wallaby ist ein minimalistisches, rahmenloses Memoboard | Whiteboard, das in einer eleganten, pulverbeschichteten Stahlhalterung steht und einfach entnommen werden kann.<br \/>Nehmen Sie das Board aus der Halterung und verwenden Sie es als mobiles Whiteboard: legen Sie es auf den Tisch, um gemeinsam zu brainstormen, Pl\u00e4ne auszuarbeiten oder Ideen zu visualisieren.<br \/>Ideal f\u00fcr Projektteams, Trainings, Besprechungsr\u00e4ume und kreative Arbeitspl\u00e4tze.<br \/>Das magnetische Memoboard | Whiteboard ist in warmen Farben erh\u00e4ltlich und  <\/p>\n<p data-start=\"527\" data-end=\"699\">Das magnetische Memoboard | Whiteboard ist <strong>in warmen Farben <\/strong>erh\u00e4ltlich und verf\u00fcgt \u00fcber eine hochwertige, trocken abwischbare Oberfl\u00e4che.<br \/>Ein in den Niederlanden gefertigtes Produkt. <\/p>\n<p data-start=\"527\" data-end=\"699\"><br data-start=\"651\" data-end=\"654\"><strong data-start=\"654\" data-end=\"699\">Formate des magnetischen Memoboards: 60\u00d7100 cm (S) &amp; 100\u00d7120 cm (M).<\/strong><\/p>\n","protected":false},"featured_media":13262,"template":"","meta":[],"product_brand":[],"product_cat":[110],"product_tag":[267],"class_list":{"0":"post-14193","1":"product","2":"type-product","3":"status-publish","4":"has-post-thumbnail","6":"product_cat-studio-tools","7":"product_tag-portable-whiteboard-de","9":"first","10":"instock","11":"taxable","12":"shipping-taxable","13":"purchasable","14":"product-type-variable"},"aioseo_notices":[],"jetpack_sharing_enabled":true,"_links":{"self":[{"href":"https:\/\/shop.studiovix.nl\/de\/wp-json\/wp\/v2\/product\/14193","targetHints":{"allow":["GET"]}}],"collection":[{"href":"https:\/\/shop.studiovix.nl\/de\/wp-json\/wp\/v2\/product"}],"about":[{"href":"https:\/\/shop.studiovix.nl\/de\/wp-json\/wp\/v2\/types\/product"}],"wp:featuredmedia":[{"embeddable":true,"href":"https:\/\/shop.studiovix.nl\/de\/wp-json\/wp\/v2\/media\/13262"}],"wp:attachment":[{"href":"https:\/\/shop.studiovix.nl\/de\/wp-json\/wp\/v2\/media?parent=14193"}],"wp:term":[{"taxonomy":"product_brand","embeddable":true,"href":"https:\/\/shop.studiovix.nl\/de\/wp-json\/wp\/v2\/product_brand?post=14193"},{"taxonomy":"product_cat","embeddable":true,"href":"https:\/\/shop.studiovix.nl\/de\/wp-json\/wp\/v2\/product_cat?post=14193"},{"taxonomy":"product_tag","embeddable":true,"href":"https:\/\/shop.studiovix.nl\/de\/wp-json\/wp\/v2\/product_tag?post=14193"}],"curies":[{"name":"wp","href":"https:\/\/api.w.org\/{rel}","templated":true}]}}