{"id":3272,"date":"2023-10-08T22:42:25","date_gmt":"2023-10-08T22:42:25","guid":{"rendered":"https:\/\/shop.studiovix.nl\/product\/pad-agile-board\/"},"modified":"2025-07-13T19:40:18","modified_gmt":"2025-07-13T19:40:18","slug":"mobiles-whiteboard-pinnwand-trennwand","status":"publish","type":"product","link":"https:\/\/shop.studiovix.nl\/de\/produkt\/mobiles-whiteboard-pinnwand-trennwand\/","title":{"rendered":"PAD Agileboard | Mobiles Whiteboard &amp; Pinnwand in einem"},"content":{"rendered":"<div class=\"vc_custom_heading_wrap \">\n<h2 class=\"clear\">PAD Agileboard: mobile Whiteboard-Pinnwand mit intelligenten Funktionen<\/h2>\n<\/div>\n<div class=\"uncode_text_column\">\n<p data-start=\"293\" data-end=\"543\">Das <strong data-start=\"297\" data-end=\"315\">PAD Agileboard<\/strong> ist eine elegante und qualitativ hochwertige <strong data-start=\"347\" data-end=\"382\">mobile Pinnwand<\/strong>, mit der Sie Ihre Projekte geordnet und strukturiert angehen k\u00f6nnen. Diese multifunktionale Tafel ist ideal f\u00fcr agiles Arbeiten, Scrum-Sitzungen und Brainstormings.<\/p>\n<h3 data-start=\"545\" data-end=\"574\">Wichtige Merkmale:<\/h3>\n<ul data-start=\"575\" data-end=\"1207\">\n<li data-start=\"575\" data-end=\"719\">\n<p data-start=\"577\" data-end=\"719\"><strong data-start=\"577\" data-end=\"631\">Whiteboard aus hochwertigem emailliertem Stahl<\/strong><br data-start=\"631\" data-end=\"634\" \/>Dauerhaft wei\u00df, trocken abwischbar, magnetisch und kratzfrei. Inklusive 25 Jahre Garantie.<\/p>\n<\/li>\n<li data-start=\"723\" data-end=\"885\">\n<p data-start=\"725\" data-end=\"885\"><strong data-start=\"725\" data-end=\"763\">Akustische Pinnwand aus Filz<\/strong><br data-start=\"763\" data-end=\"766\" \/>Erh\u00e4ltlich in verschiedenen Melange-Farben (Standard in grau meliert). Funktioniert auch als akustischer Raumteiler mit 30% Schallabsorptionsverm\u00f6gen.<\/p>\n<\/li>\n<li data-start=\"887\" data-end=\"1004\">\n<p data-start=\"889\" data-end=\"1004\"><strong data-start=\"889\" data-end=\"915\">Mobil und stabil<\/strong><br data-start=\"915\" data-end=\"918\" \/>Ausgestattet mit vier leichtg\u00e4ngigen Lenkrollen, zwei davon mit Bremsen f\u00fcr zus\u00e4tzliche Stabilit\u00e4t.<\/p>\n<\/li>\n<li data-start=\"1006\" data-end=\"1207\">\n<p data-start=\"1008\" data-end=\"1207\"><strong data-start=\"1008\" data-end=\"1033\">Elegante Aufbewahrung<\/strong><br data-start=\"1033\" data-end=\"1036\" \/>An beiden Seiten des PAD Agileboards, einem Mobilen Whiteboard-Pinboard, befindet sich ein geradlinig gestalteter, pulverbeschichteter Stahlschrank. Ideal zur Aufbewahrung von Markern, Haftnotizen und einer Papierrolle<\/p>\n<\/li>\n<\/ul>\n<h3 data-start=\"1209\" data-end=\"1226\">Wird mit der mobilen PAD Whiteboard-Pinnwand geliefert:<\/h3>\n<ul data-start=\"1227\" data-end=\"1268\">\n<li data-start=\"1227\" data-end=\"1268\">Vier Lenkrollen, zwei davon mit Bremse.<\/li>\n<li data-start=\"1227\" data-end=\"1268\">Sch\u00f6ner abschlie\u00dfbarer Stauraum auf beiden Seiten.<\/li>\n<\/ul>\n<hr data-start=\"1522\" data-end=\"1525\" \/>\n<h3 data-start=\"1527\" data-end=\"1598\">PAD Agileboard: mehr als nur eine mobile Pinnwand<\/h3>\n<p data-start=\"1600\" data-end=\"1802\">Das <strong data-start=\"1604\" data-end=\"1622\">PAD Agileboard<\/strong> kombiniert ein magnetisches Whiteboard mit einer akustischen Filzpinnwand. Beide Seiten k\u00f6nnen funktionell genutzt werden: Schreiben, pinnen und strukturieren Sie Ihre Ideen, wo und wann immer Sie wollen.<\/p>\n<p data-start=\"1804\" data-end=\"2018\">Dank der gro\u00dfen Oberfl\u00e4che der Filzseite k\u00f6nnen Sie das PAD Agileboard nicht nur als Pinnwand, sondern auch als akustische Trennwand verwenden. Ideal f\u00fcr Gro\u00dfraumb\u00fcros, in denen Ruhe und Konzentration wichtig sind.<\/p>\n<h3 data-start=\"2020\" data-end=\"2051\">Verkn\u00fcpfbar und erweiterbar<\/h3>\n<p data-start=\"2052\" data-end=\"2200\">Mehrere PAD Agile Boards k\u00f6nnen einfach miteinander verbunden werden. So k\u00f6nnen Sie im Handumdrehen eine flexible Wand f\u00fcr akustischen und visuellen Komfort schaffen.<\/p>\n<hr data-start=\"2202\" data-end=\"2205\" \/>\n<h3 data-start=\"2207\" data-end=\"2236\">Alles in Reichweite<\/h3>\n<p data-start=\"2237\" data-end=\"2454\">Auf beiden Seiten des mobilen Whiteboards PAD finden Sie praktische Ablagef\u00e4cher f\u00fcr alle Ihre Materialien. Marker, Post-its und eine Papierrolle lassen sich ordentlich verstauen und sorgen f\u00fcr Ordnung an Ihrem Arbeitsplatz. Keine losen Gegenst\u00e4nde mehr auf dem Tisch!<\/p>\n<h3 data-start=\"2456\" data-end=\"2493\">Papierrolle: endloses Schreiben<\/h3>\n<p data-start=\"2494\" data-end=\"2762\">Legen Sie einfach eine Papierrolle in das Aufbewahrungsfach des PAD Agile Boards. Ziehen Sie das Papier \u00fcber den Schlitz am Board entlang nach oben und befestigen Sie es mit Magneten. Auf diese Weise schaffen Sie im Handumdrehen eine gro\u00dfe Schreibfl\u00e4che. Sind Sie bereit? Rei\u00dfen Sie das Papier ab und nehmen Sie Ihre Notizen oder Ideen einfach mit.<\/p>\n<hr data-start=\"2764\" data-end=\"2767\" \/>\n<h3 data-start=\"1335\" data-end=\"1351\">Spezifikationen des PAD mobilen Whiteboard-Pinnwand-Kombis:<\/h3>\n<ul>\n<li class=\"\" data-start=\"2022\" data-end=\"2080\">\n<p class=\"\" data-start=\"2024\" data-end=\"2080\">mobiles <strong>Whiteboard + Akustik Pinnwand aus Filz<\/strong>. Akustische Pinnwand: bis zu 30% Schallabsorption<\/p>\n<\/li>\n<li class=\"\" data-start=\"2081\" data-end=\"2122\">\n<p class=\"\" data-start=\"2083\" data-end=\"2122\"><strong data-start=\"2083\" data-end=\"2105\">Papierrollenhalter<\/strong> f\u00fcr A1-Rollen<\/p>\n<\/li>\n<li class=\"\" data-start=\"2123\" data-end=\"2169\">\n<p class=\"\" data-start=\"2125\" data-end=\"2169\"><strong data-start=\"2125\" data-end=\"2149\">Eingebaute Design-Stapelbox<\/strong> &amp; <strong data-start=\"2152\" data-end=\"2167\">Stiftablage<\/strong><\/p>\n<\/li>\n<li class=\"\" data-start=\"2170\" data-end=\"2210\">\n<p class=\"\" data-start=\"2172\" data-end=\"2210\"><strong data-start=\"2172\" data-end=\"2189\">4 Lenkrollen<\/strong>, 2 mit Bremse<\/p>\n<\/li>\n<li class=\"\" data-start=\"2211\" data-end=\"2236\">\n<p class=\"\" data-start=\"2213\" data-end=\"2236\"><strong data-start=\"2213\" data-end=\"2228\">Gestellfarbe:<\/strong> Schwarz<\/p>\n<\/li>\n<li class=\"\" data-start=\"2237\" data-end=\"2286\">\n<p class=\"\" data-start=\"2239\" data-end=\"2286\"><strong data-start=\"2239\" data-end=\"2263\">Abmessungen (gesamt):<\/strong><\/p>\n<ul>\n<li>H\u00f6he: 195 cm<\/li>\n<li>Breite: 100 cm (120 cm auf Anfrage)<\/li>\n<li>Tiefe: 55 cm<\/li>\n<\/ul>\n<\/li>\n<\/ul>\n<h3 data-start=\"1270\" data-end=\"1299\">PAD Mobiles Whiteboard &#8211; Zubeh\u00f6r f\u00fcr Pinnw\u00e4nde :<\/h3>\n<ul data-start=\"1300\" data-end=\"1333\">\n<li data-start=\"1300\" data-end=\"1319\">Scrum\/agiles Set\n<ul data-start=\"1300\" data-end=\"1333\">\n<li><em>5 Scrum-Zeichen &#8211;<\/em>f\u00fcr eine klare Scrum-Planung; to do, doing, done, story, verify<\/li>\n<li><em>Flipchart-Haken<\/em> &#8211; f\u00fcr jedes Flipchart-Papierformat dank der verschiebbaren Haken<\/li>\n<li><em>Magnetisches Lineal <\/em>&#8211; zum Zeichnen gerader (Plan-)Linien, zum Befestigen und Abrei\u00dfen von Papier.<\/li>\n<\/ul>\n<\/li>\n<li data-start=\"1320\" data-end=\"1333\">Papierrolle<\/li>\n<\/ul>\n<h3 class=\"\" data-start=\"1014\" data-end=\"1050\">Hochwertige Schreiboberfl\u00e4che<\/h3>\n<p class=\"\" data-start=\"1051\" data-end=\"1112\">Die <strong data-start=\"1055\" data-end=\"1083\">Emaille-Schreibfl\u00e4che<\/strong> des PAD Whiteboards auf R\u00e4dern &#8211; Pinnwand ist von keramischer Qualit\u00e4t.<br \/>\nDank der Emaille-Oberfl\u00e4che erleben Sie eine au\u00dfergew\u00f6hnlich glatte Schreibqualit\u00e4t.<br data-start=\"906\" data-end=\"909\" \/>Die Tafel bleibt immer wei\u00df, ist kratzfest und leicht zu reinigen und wir bieten eine 25-j\u00e4hrige Garantie auf die Schreibfl\u00e4che.<\/p>\n<p class=\"\" data-start=\"1048\" data-end=\"1262\">Im Vergleich zu Glas, Folie oder beschichtetem Stahl bietet Emaille auf Stahl die beste Leistung:<br data-start=\"1143\" data-end=\"1146\" \/>\u2714 Hervorragende Radierqualit\u00e4t<br data-start=\"1172\" data-end=\"1175\" \/>\u2714 Klare Lesbarkeit<br data-start=\"1197\" data-end=\"1200\" \/>\u2714 Pflegeleicht<br data-start=\"1223\" data-end=\"1226\" \/>\u2714 Elegantes, professionelles Aussehen<\/p>\n<div>\n<div class=\"uncode_text_column\">\n<h3>Nachhaltig &amp; 100% hergestellt in NL<\/h3>\n<ul data-start=\"1303\" data-end=\"1571\">\n<li class=\"\" data-start=\"1483\" data-end=\"1529\">\n<p class=\"\" data-start=\"1485\" data-end=\"1529\">Hergestellt aus <strong data-start=\"1497\" data-end=\"1527\">99% recycelbaren Materialien<\/strong><\/p>\n<\/li>\n<li class=\"\" data-start=\"1530\" data-end=\"1571\">\n<p class=\"\" data-start=\"1532\" data-end=\"1571\"><strong data-start=\"1532\" data-end=\"1571\">100% niederl\u00e4ndisches Design und Produktion<\/strong><\/p>\n<\/li>\n<\/ul>\n<p class=\"\" data-start=\"1573\" data-end=\"1725\">Dieses mobile Whiteboard wurde nach den Prinzipien des kreisf\u00f6rmigen Designs der TU Delft entworfen.<\/p>\n<div>\n<div class=\"uncode_text_column\">\n<p><img decoding=\"async\" class=\"alignnone size-medium wp-image-4505\" src=\"https:\/\/shop.studiovix.nl\/wp-content\/uploads\/2025\/04\/circularity-300x100.png\" alt=\"\" width=\"300\" height=\"100\" srcset=\"https:\/\/shop.studiovix.nl\/wp-content\/uploads\/2025\/04\/circularity-300x100.png 300w, https:\/\/shop.studiovix.nl\/wp-content\/uploads\/2025\/04\/circularity.png 510w\" sizes=\"(max-width: 300px) 100vw, 300px\" \/><\/p>\n<\/div>\n<\/div>\n<p><strong>Lieferzeit innerhalb NL &amp; BE :<\/strong> 3-7 Tage<\/p>\n<\/div>\n<div>\n<p>Lieferzeit innerhalb der EU : 2 Wochen<\/p>\n<p>Wenn Sie eine Frage haben, rufen Sie uns an oder <a href=\"mailto:sales@studiovix.nl\">schicken Sie uns eine E-Mail<\/a> | <strong>Tel:<\/strong> 030-7600170<\/p>\n<p>_________________________<\/p>\n<div class=\"vc_custom_heading_wrap \">\n<div class=\"heading-text el-text\">\n<h3><img decoding=\"async\" class=\"alignnone size-medium wp-image-4610\" style=\"font-size: 16px;\" src=\"https:\/\/shop.studiovix.nl\/wp-content\/uploads\/2025\/04\/design-whiteboard-en-flipovers-StudioVIX-300x148.jpg\" alt=\"Whiteboards und Flipcharts gestalten | StudioVIX\" width=\"300\" height=\"148\" srcset=\"https:\/\/shop.studiovix.nl\/wp-content\/uploads\/2025\/04\/design-whiteboard-en-flipovers-StudioVIX-300x148.jpg 300w, https:\/\/shop.studiovix.nl\/wp-content\/uploads\/2025\/04\/design-whiteboard-en-flipovers-StudioVIX-1024x503.jpg 1024w, https:\/\/shop.studiovix.nl\/wp-content\/uploads\/2025\/04\/design-whiteboard-en-flipovers-StudioVIX-768x378.jpg 768w, https:\/\/shop.studiovix.nl\/wp-content\/uploads\/2025\/04\/design-whiteboard-en-flipovers-StudioVIX-600x295.jpg 600w, https:\/\/shop.studiovix.nl\/wp-content\/uploads\/2025\/04\/design-whiteboard-en-flipovers-StudioVIX.jpg 1200w\" sizes=\"(max-width: 300px) 100vw, 300px\" \/><\/h3>\n<h3 data-start=\"2947\" data-end=\"2987\">Entdecken Sie auch andere VIX Design-Whiteboards:<\/h3>\n<\/div>\n<\/div>\n<div class=\"uncode_text_column\">\n<div class=\"uncoltable\">\n<div class=\"uncell boomapps_vccolumn no-block-padding\">\n<div class=\"uncont\">\n<div class=\"uncode_text_column\">\n<p><strong><a href=\"https:\/\/shop.studiovix.nl\/de\/produkt\/mobiles-flipchart-whiteboard\/\">&gt; STRUIS<\/a><\/strong>: Das multifunktionale Design-Flipchart mit Papierrolle<\/p>\n<p><strong><a href=\"https:\/\/shop.studiovix.nl\/de\/produkt\/mobiles-whiteboard-auf-rollen\/\">&gt; UIL: <\/a><\/strong>Ein mobiles Whiteboard, doppelseitig mit Papierrollenhalter und Scrum Kit. Optionale Kombination aus Whiteboard und Pinnwand<\/p>\n<p><strong><a href=\"https:\/\/shop.studiovix.nl\/de\/produkt\/portable-tisch-whiteboard\/\">&gt; SNIP: <\/a><\/strong>Ein kompaktes und tragbares Whiteboard, f\u00fcr Tisch, Wand oder Boden<\/p>\n<p><strong><a href=\"https:\/\/shop.studiovix.nl\/de\/produkt\/design-whiteboard-magnetisch\/\">&gt; GEKKO: <\/a><\/strong>Elegantes, magnetisches Design, wandmontiertes Whiteboard<\/p>\n<p><strong><a href=\"https:\/\/shop.studiovix.nl\/de\/produkt\/mobiles-whiteboard-pinnwand-trennwand\/\">&gt; PAD:<\/a><\/strong> Agileboard &#8211; Mobiles Whiteboard und Pinnwand in einem, auch akustischer Raumteiler<\/p>\n<p><strong><a href=\"https:\/\/shop.studiovix.nl\/de\/produkt\/flipchart-whiteboard-aufhaengeleiste\/\">&gt; TAK: <\/a><\/strong>Ein Whiteboard-Flipchart-Aufh\u00e4nger &#8211; magnetisch mit versteckten Haken zum Aufh\u00e4ngen von Dingen<\/p>\n<\/div>\n<\/div>\n<\/div>\n<\/div>\n<\/div>\n<\/div>\n<\/div>\n<\/div>\n","protected":false},"excerpt":{"rendered":"<div class=\"wpb_column pos-middle pos-center align_left align_center_mobile column_child col-lg-4 boomapps_vccolumn col-md-33 single-internal-gutter\">\n<div class=\"uncol style-light shift_x_single\">\n<div class=\"uncoltable\">\n<div class=\"uncell boomapps_vccolumn no-block-padding\">\n<div class=\"uncont\">\n<div class=\"uncode_text_column\">\n<div class=\"vc_custom_heading_wrap \">\n<div class=\"heading-text el-text\">\n<p data-start=\"186\" data-end=\"371\"><strong data-start=\"186\" data-end=\"204\">PAD Agileboard<\/strong> ist eine elegante und flexible <strong data-start=\"232\" data-end=\"267\">mobile Whiteboard-Pinnwand<\/strong> in einem.<br \/>\nPAD verf\u00fcgt \u00fcber einen sch\u00f6nen abschlie\u00dfbaren Stauraum auf beiden Seiten f\u00fcr all Ihre Materialien. Marker, Post-its und eine Papierrolle lassen sich ordentlich verstauen und sorgen so f\u00fcr Ordnung an Ihrem Arbeitsplatz.<\/p>\n<p data-start=\"186\" data-end=\"371\"><br data-start=\"275\" data-end=\"278\" \/>Dar\u00fcber hinaus fungiert PAD als <strong>mobile <\/strong><strong data-start=\"305\" data-end=\"335\">akustische Trennwand<\/strong>. Diese Akustikwand absorbiert 30 % der Sprachger\u00e4usche &#8211; ideal f\u00fcr Ruhe in offenen Arbeitsbereichen.<\/p>\n<\/div>\n<\/div>\n<\/div>\n<\/div>\n<\/div>\n<\/div>\n<\/div>\n<\/div>\n<div class=\"wpb_column pos-top pos-center align_left align_center_mobile column_child col-lg-8 boomapps_vccolumn col-md-100 single-internal-gutter\">\n<div class=\"uncol style-light unexpand\">\n<div class=\"uncoltable\">\n<div class=\"uncell boomapps_vccolumn no-block-padding\">\n<div class=\"uncont\">\n<div class=\"uncode-single-media text-right\">\n<div class=\"single-wrapper\">\n<div class=\"tmb tmb-light tmb-media-first tmb-media-last tmb-content-overlay tmb-no-bg\">\n<div class=\"t-inside\">\n<div class=\"t-entry-visual\">\n<div class=\"t-entry-visual-tc\">\n<div class=\"uncode-single-media-wrapper\">\n<p class=\"\" data-start=\"498\" data-end=\"628\">\n<\/div>\n<\/div>\n<\/div>\n<\/div>\n<\/div>\n<\/div>\n<\/div>\n<\/div>\n<\/div>\n<\/div>\n<\/div>\n<\/div>\n","protected":false},"featured_media":14173,"template":"","meta":[],"product_brand":[],"product_cat":[110],"product_tag":[307,265,240,264,234],"class_list":{"0":"post-3272","1":"product","2":"type-product","3":"status-publish","4":"has-post-thumbnail","6":"product_cat-studio-tools","7":"product_tag-agile-board-de","8":"product_tag-akustik-trennwand","9":"product_tag-mobiles-whiteboard","10":"product_tag-mobiles-whiteboard-pinnwand","11":"product_tag-filz-pinnwand","12":"product_shipping_class-versandklasse-gros","14":"first","15":"instock","16":"taxable","17":"shipping-taxable","18":"purchasable","19":"product-type-variable"},"aioseo_notices":[],"jetpack_sharing_enabled":true,"_links":{"self":[{"href":"https:\/\/shop.studiovix.nl\/de\/wp-json\/wp\/v2\/product\/3272","targetHints":{"allow":["GET"]}}],"collection":[{"href":"https:\/\/shop.studiovix.nl\/de\/wp-json\/wp\/v2\/product"}],"about":[{"href":"https:\/\/shop.studiovix.nl\/de\/wp-json\/wp\/v2\/types\/product"}],"wp:featuredmedia":[{"embeddable":true,"href":"https:\/\/shop.studiovix.nl\/de\/wp-json\/wp\/v2\/media\/14173"}],"wp:attachment":[{"href":"https:\/\/shop.studiovix.nl\/de\/wp-json\/wp\/v2\/media?parent=3272"}],"wp:term":[{"taxonomy":"product_brand","embeddable":true,"href":"https:\/\/shop.studiovix.nl\/de\/wp-json\/wp\/v2\/product_brand?post=3272"},{"taxonomy":"product_cat","embeddable":true,"href":"https:\/\/shop.studiovix.nl\/de\/wp-json\/wp\/v2\/product_cat?post=3272"},{"taxonomy":"product_tag","embeddable":true,"href":"https:\/\/shop.studiovix.nl\/de\/wp-json\/wp\/v2\/product_tag?post=3272"}],"curies":[{"name":"wp","href":"https:\/\/api.w.org\/{rel}","templated":true}]}}