{"id":3310,"date":"2023-10-06T00:32:20","date_gmt":"2023-10-06T00:32:20","guid":{"rendered":"https:\/\/shop.studiovix.nl\/product\/kiezel-916-akustik-paneele\/"},"modified":"2025-06-15T09:22:09","modified_gmt":"2025-06-15T09:22:09","slug":"design-akustik-wandpaneel-pinnwand","status":"publish","type":"product","link":"https:\/\/shop.studiovix.nl\/de\/produkt\/design-akustik-wandpaneel-pinnwand\/","title":{"rendered":"KIEZEL 9|16 Akustik-Wandpaneele"},"content":{"rendered":"<h4>KIEZEL Akustik-Wandpaneel | Pinnwand<\/h4>\n<p>KIEZEL ist ein stilvolles akustisches Wandpaneel | Pinnboard mit einem hohen Schallabsorptionswert (40\u201345\u202f% \/ \u00fcber 90\u201395\u202f%).<\/p>\n<p>Die Design Akustikpaneele von KIEZEL sind in Zusammensetzung, Farbe und Materialwahl sorgf\u00e4ltig konzipiert. Sie tragen auf mehreren Ebenen zu Gelassenheit, Harmonie und Wohlbefinden bei. Ein multisensorisches Erlebnis, das nicht nur die Akustik, sondern auch die Atmosph\u00e4re im Raum verbessert.  <\/p>\n<h5>2 Versionen, 2 Dicken, 2 akustische Werte<\/h5>\n<p>KIEZEL Akustik-Wandpaneel | Pinnwand kann in 2 verschiedenen St\u00e4rken mit unterschiedlichen akustischen (schallabsorbierenden) Werten bestellt werden.<\/p>\n<ul>\n<li>Wenn die Funktion der Pinnwand f\u00fcr Sie wichtiger ist als der akustische Wert, w\u00e4hlen Sie die d\u00fcnnere Version mit einer Dicke von 24 mm und einem akustischen Wert (Schallabsorption) von 45-50% bei Sprachlautst\u00e4rke.<\/li>\n<li>Wenn Sie die Akustik in Ihrem Raum besonders verbessern m\u00f6chten, w\u00e4hlen Sie die dickere 54 mm Version mit einem akustischen Wert (Schallabsorption) von 90-95%. Sie absorbiert 90-95% des gesamten auf sie fallenden Sprachschalls. <\/li>\n<\/ul>\n<h5><strong>Muster:  <\/strong><\/h5>\n<p>KIEZEL Design Akustikpaneele mit 9 oder 16 quadratischen rhythmischen Paneelen sind in ihren Proportionen auf die Proportionen abgestimmt, die wir aus der Natur kennen. (KIEZEL kann auch mit 1 gro\u00dfen Platte, mehreren Streifenpaneelen 2 oder 3, als Patchwork oder in einem Rautenmuster bestellt werden. Diese anderen Muster finden Sie unter <a href=\"https:\/\/shop.studiovix.nl\/de\/produkt\/akustik-pinnwand-design-akustikpaneel\/\">&gt; KIEZEL Akustikpanele|Wandpaneele mit 1- 3- 5-7 Paneelen<\/a>)  <\/p>\n<div class=\"vc_custom_heading_wrap \">\n<div class=\"heading-text el-text\">\n<h5 class=\"h2\"><strong>Hohe Schallabsorption:  <\/strong><\/h5>\n<p class=\"h2\">KIEZEL <strong>Akustik-Wandpaneele<\/strong> | Pinnwand 54 mm dick sind ideal, um Schall zu absorbieren, den Nachhall zu reduzieren und die Sprachverst\u00e4ndlichkeit in Ihrem B\u00fcro, Restaurant oder Wohnzimmer zu verbessern. Die Paneele bestehen aus einer hochwertigen akustischen Polsterung aus recyceltem PET, das zu extralangen Fasern verarbeitet wird. Das macht diesen Akustikschirm extrem stark und formstabil. Durch die Komprimierung dieser Fasern zu einer besonders hohen Dichte (40 kg\/m\u00b3) erreichen wir eine optimale Schallabsorption von 90-95% bei der Sprachfrequenz. Dadurch eignet sich dieses Design Akustikpaneel hervorragend zur Verbesserung der Akustik von Sprache und Gespr\u00e4chsger\u00e4uschen in &#8218;harten&#8216; R\u00e4umen im B\u00fcro, zu Hause oder im Restaurant.   <\/p>\n<p>Die KIEZEL Design Akustikpaneel | <strong>Pinnwand<\/strong> 24 mm dick ist aus dem gleichen Material gefertigt, aber kompakter und d\u00fcnner. Dadurch ist es ideal als Anschlagtafel mit einer immer noch relativ hohen Schallabsorption von 40-45% bei der Sprachfrequenz (500 HZ). <\/p>\n<h5><strong>KIEZEL Akustik Pinnwand<\/strong><\/h5>\n<p>Ihre stilvolle L\u00f6sung zum Festhalten von Ideen, Fotos, Pl\u00e4nen und To-Do-Listen. Eine Inspirationstafel, ein Platz f\u00fcr Ihre Vergissmeinnicht, um das, was Ihnen am Herzen liegt oder was Sie nicht aus den Augen verlieren wollen, bei sich zu behalten. Eine Design Akustikpaneel, an der Sie endlos Ideen, Fotos, Pl\u00e4ne und To-Do-Listen anheften und notieren k\u00f6nnen.  <\/p>\n<h5><strong>Sensorischer Komfort<\/strong>:<\/h5>\n<p>Die KIEZEL Akustik-Wandpaneele sind mit rhythmischen Wiederholungen und Ma\u00dfverh\u00e4ltnissen gestaltet, inspiriert von nat\u00fcrlichen Mustern und Proportionen. Bei der Gestaltung dieser Design Akustikpaneele haben wir uns von den Prinzipien der Designpsychologie leiten lassen: wie subtile Sinnesreize &#8211; in Form von Strukturen, Formen, Texturen und Farben &#8211; zum Wohlbefinden des Menschen beitragen k\u00f6nnen. <\/p>\n<\/div>\n<\/div>\n<div class=\"uncode_text_column\">\n<div class=\"vc_custom_heading_wrap \">\n<div class=\"heading-text el-text\">\n<p><strong>KIEZEL Design Akustikpaneel | Pinnwand wird mit Liebe in den Niederlanden hergestellt! Das bedeutet hervorragende Verarbeitung, sch\u00f6ne Materialien und die M\u00f6glichkeit der individuellen Gestaltung. <\/strong><\/p>\n<h5 class=\"h2\"><strong>Langlebiger akustischer Filz<\/strong><\/h5>\n<p class=\"h2\">KIEZEL Akustik-Wandpaneel | Pinnwand ist mit dem hochwertigen, langlebigen, kompakten und dicken Akustikfilz (2 mm dick) von F\u00e9line bespannt, den Sie endlos durchstechen k\u00f6nnen. Der Filz ist fantastisch sch\u00f6n in Farbe und Aussehen und ist 2 mm dick,<br \/>\nUnter dem StudioVIX Wandpaneel | Pinnwand Filz beraten Farben.<br \/>\n*Andere Farben, andere Stoffe und andere Gr\u00f6\u00dfen sind auf Anfrage erh\u00e4ltlich <\/p>\n<\/div>\n<\/div>\n<\/div>\n<p><img fetchpriority=\"high\" decoding=\"async\" class=\"wp-image-757 aligncenter\" src=\"https:\/\/shop.studiovix.nl\/wp-content\/uploads\/2023\/10\/kleuren-akoestisch-paneel-kiezel-300x177.png\" alt=\"\" width=\"649\" height=\"383\" srcset=\"https:\/\/shop.studiovix.nl\/wp-content\/uploads\/2023\/10\/kleuren-akoestisch-paneel-kiezel-300x177.png 300w, https:\/\/shop.studiovix.nl\/wp-content\/uploads\/2023\/10\/kleuren-akoestisch-paneel-kiezel-1024x603.png 1024w, https:\/\/shop.studiovix.nl\/wp-content\/uploads\/2023\/10\/kleuren-akoestisch-paneel-kiezel-768x452.png 768w, https:\/\/shop.studiovix.nl\/wp-content\/uploads\/2023\/10\/kleuren-akoestisch-paneel-kiezel-600x354.png 600w, https:\/\/shop.studiovix.nl\/wp-content\/uploads\/2023\/10\/kleuren-akoestisch-paneel-kiezel.png 1200w\" sizes=\"(max-width: 649px) 100vw, 649px\" \/><\/p>\n<figure id=\"attachment_4381\" aria-describedby=\"caption-attachment-4381\" style=\"width: 300px\" class=\"wp-caption aligncenter\"><img decoding=\"async\" class=\"size-medium wp-image-4381\" src=\"https:\/\/shop.studiovix.nl\/wp-content\/uploads\/2025\/03\/Akoestisch-wandpaneel-16-geel-300x232.jpeg\" alt=\"Design Akustik-Paneele 16 gelb\" width=\"300\" height=\"232\" srcset=\"https:\/\/shop.studiovix.nl\/wp-content\/uploads\/2025\/03\/Akoestisch-wandpaneel-16-geel-300x232.jpeg 300w, https:\/\/shop.studiovix.nl\/wp-content\/uploads\/2025\/03\/Akoestisch-wandpaneel-16-geel-768x594.jpeg 768w, https:\/\/shop.studiovix.nl\/wp-content\/uploads\/2025\/03\/Akoestisch-wandpaneel-16-geel-600x464.jpeg 600w, https:\/\/shop.studiovix.nl\/wp-content\/uploads\/2025\/03\/Akoestisch-wandpaneel-16-geel.jpeg 1000w\" sizes=\"(max-width: 300px) 100vw, 300px\" \/><figcaption id=\"caption-attachment-4381\" class=\"wp-caption-text\">Farbe: hellgelb melange 001- ockergelb 002- beige melange 001<br \/>Muster: 16 Felder<\/figcaption><\/figure>\n<p>&nbsp;<\/p>\n<figure id=\"attachment_4377\" aria-describedby=\"caption-attachment-4377\" style=\"width: 300px\" class=\"wp-caption aligncenter\"><img decoding=\"async\" class=\"wp-image-4377 size-medium\" src=\"https:\/\/shop.studiovix.nl\/wp-content\/uploads\/2025\/03\/Akoestisch-wandpaneel-groen-KIEZEL-300x232.jpeg\" alt=\"Design Akustik-Paneele\" width=\"300\" height=\"232\" srcset=\"https:\/\/shop.studiovix.nl\/wp-content\/uploads\/2025\/03\/Akoestisch-wandpaneel-groen-KIEZEL-300x232.jpeg 300w, https:\/\/shop.studiovix.nl\/wp-content\/uploads\/2025\/03\/Akoestisch-wandpaneel-groen-KIEZEL-768x594.jpeg 768w, https:\/\/shop.studiovix.nl\/wp-content\/uploads\/2025\/03\/Akoestisch-wandpaneel-groen-KIEZEL-600x464.jpeg 600w, https:\/\/shop.studiovix.nl\/wp-content\/uploads\/2025\/03\/Akoestisch-wandpaneel-groen-KIEZEL.jpeg 1000w\" sizes=\"(max-width: 300px) 100vw, 300px\" \/><figcaption id=\"caption-attachment-4377\" class=\"wp-caption-text\">Farbe: hellgr\u00fcn melange 001-dunkelgr\u00fcn 002- beige melange 001 Muster: 16 Felder<\/figcaption><\/figure>\n<figure id=\"attachment_798\" aria-describedby=\"caption-attachment-798\" style=\"width: 222px\" class=\"wp-caption aligncenter\"><img loading=\"lazy\" decoding=\"async\" class=\" wp-image-798\" src=\"https:\/\/shop.studiovix.nl\/wp-content\/uploads\/2024\/05\/KIEZEL-akoestische-panelen-vilt-blauw-9-300x300.jpg\" alt=\"KIEZEL Design Akustik-Paneele Filz blau 9\" width=\"222\" height=\"222\" srcset=\"https:\/\/shop.studiovix.nl\/wp-content\/uploads\/2024\/05\/KIEZEL-akoestische-panelen-vilt-blauw-9-300x300.jpg 300w, https:\/\/shop.studiovix.nl\/wp-content\/uploads\/2024\/05\/KIEZEL-akoestische-panelen-vilt-blauw-9-150x150.jpg 150w, https:\/\/shop.studiovix.nl\/wp-content\/uploads\/2024\/05\/KIEZEL-akoestische-panelen-vilt-blauw-9-600x600.jpg 600w, https:\/\/shop.studiovix.nl\/wp-content\/uploads\/2024\/05\/KIEZEL-akoestische-panelen-vilt-blauw-9-100x100.jpg 100w, https:\/\/shop.studiovix.nl\/wp-content\/uploads\/2024\/05\/KIEZEL-akoestische-panelen-vilt-blauw-9.jpg 750w\" sizes=\"(max-width: 222px) 100vw, 222px\" \/><figcaption id=\"caption-attachment-798\" class=\"wp-caption-text\">Farbe: hellblau 001- blau 002- beige 001<br \/>Muster: 9 Felder<\/figcaption><\/figure>\n<p>&nbsp;<\/p>\n<figure id=\"attachment_800\" aria-describedby=\"caption-attachment-800\" style=\"width: 223px\" class=\"wp-caption aligncenter\"><img loading=\"lazy\" decoding=\"async\" class=\"wp-image-800 \" src=\"https:\/\/shop.studiovix.nl\/wp-content\/uploads\/2024\/05\/KIEZEL-Akustik-Panele-Akoestisch-prikbord-rose-9l-300x300.jpg\" alt=\"KIEZEL Akustik Panele Akustische Pinnwand rosa 9l\" width=\"223\" height=\"223\"><figcaption id=\"caption-attachment-800\" class=\"wp-caption-text\">Farbe: lachsrosa 007-rot 001 &#8211; beige 001 Muster: 9 Bahnen<\/figcaption><\/figure>\n","protected":false},"excerpt":{"rendered":"<p>KIEZEL Akustik-Wandpaneele | Pinnw\u00e4nde aus Wollfilz sind funktional und stilvoll.<\/p>\n<p>Wir bieten<strong> 2 Varianten an:<\/strong><\/p>\n<ul>\n<li data-start=\"379\" data-end=\"533\"><strong data-start=\"379\" data-end=\"406\">Hauptfunktion: Akustik<\/strong><br data-start=\"406\" data-end=\"409\">Diese Paneele sind 54 mm dick und besonders schalld\u00e4mpfend \u2013 mit einer Schallabsorptionskapazit\u00e4t von 90\u201395\u202f%, dem h\u00f6chstm\u00f6glichen Wert.<\/li>\n<li><strong data-start=\"152\" data-end=\"178\">Hauptfunktion: Pinnwand<\/strong><br data-start=\"178\" data-end=\"181\">Diese Paneele sind 24 mm dick, relativ fest und haben eine Schallabsorptionskapazit\u00e4t von 40\u201345\u202f%. Sie bieten eine deutlich wahrnehmbare D\u00e4mpfung \u2013 wesentlich effektiver als herk\u00f6mmliche Pinnw\u00e4nde. <\/li>\n<\/ul>\n<p><strong>KIEZEL in verschiedenen Mustern:<\/strong><br \/>\n9 &amp; 16 Paneele \u2013 siehe Abbildungen links.<\/p>\n<p>Und die Muster unten, siehe <a href=\"https:\/\/shop.studiovix.nl\/de\/produkt\/akustik-pinnwand-design-akustikpaneel\/\">&gt;KIEZEL<\/a> 1 |3 |5 |7 Tafeln<\/p>\n<p><a href=\"https:\/\/shop.studiovix.nl\/de\/produkt\/akustik-pinnwand-design-akustikpaneel\/\"><img loading=\"lazy\" decoding=\"async\" class=\"alignnone size-medium wp-image-8743\" src=\"https:\/\/shop.studiovix.nl\/wp-content\/uploads\/2025\/06\/Kiezel-akoestische-wandpanelen-300x75.jpg\" alt=\"KIEZEL akustischen-Filz-Pinnwandpanelen\" width=\"300\" height=\"75\" srcset=\"https:\/\/shop.studiovix.nl\/wp-content\/uploads\/2025\/06\/Kiezel-akoestische-wandpanelen-300x75.jpg 300w, https:\/\/shop.studiovix.nl\/wp-content\/uploads\/2025\/06\/Kiezel-akoestische-wandpanelen-1024x256.jpg 1024w, https:\/\/shop.studiovix.nl\/wp-content\/uploads\/2025\/06\/Kiezel-akoestische-wandpanelen-768x192.jpg 768w, https:\/\/shop.studiovix.nl\/wp-content\/uploads\/2025\/06\/Kiezel-akoestische-wandpanelen-1536x384.jpg 1536w, https:\/\/shop.studiovix.nl\/wp-content\/uploads\/2025\/06\/Kiezel-akoestische-wandpanelen-600x150.jpg 600w, https:\/\/shop.studiovix.nl\/wp-content\/uploads\/2025\/06\/Kiezel-akoestische-wandpanelen.jpg 1600w\" sizes=\"(max-width: 300px) 100vw, 300px\" \/><\/a><\/p>\n<p><strong>Sonderanfertigung:<\/strong><br \/>\nWir fertigen KIEZEL auch nach Ma\u00df.<br \/>\nBei Fragen, Sondergr\u00f6\u00dfen, Farboptionen oder Stoffmustern kontaktieren Sie uns gerne: | <strong>Mail:<\/strong> <a href=\"mailto:info@studiovix.nl\">info@studiovix.nl<\/a> | <strong>tel:<\/strong> 030-7600170<\/p>\n","protected":false},"featured_media":2050,"template":"","meta":[],"product_brand":[278],"product_cat":[151],"product_tag":[231,229,230,261],"class_list":{"0":"post-3310","1":"product","2":"type-product","3":"status-publish","4":"has-post-thumbnail","6":"product_brand-studiovix","7":"product_cat-akustik-pinnwaende","8":"product_tag-akoestische-wandpanelen-de","9":"product_tag-akustik-pinnwand","10":"product_tag-akustik-wandpaneel","11":"product_tag-akustisches-kunstwerk","12":"product_shipping_class-versandklasse-gros","14":"first","15":"instock","16":"taxable","17":"shipping-taxable","18":"purchasable","19":"product-type-variable"},"aioseo_notices":[],"jetpack_sharing_enabled":true,"_links":{"self":[{"href":"https:\/\/shop.studiovix.nl\/de\/wp-json\/wp\/v2\/product\/3310","targetHints":{"allow":["GET"]}}],"collection":[{"href":"https:\/\/shop.studiovix.nl\/de\/wp-json\/wp\/v2\/product"}],"about":[{"href":"https:\/\/shop.studiovix.nl\/de\/wp-json\/wp\/v2\/types\/product"}],"wp:featuredmedia":[{"embeddable":true,"href":"https:\/\/shop.studiovix.nl\/de\/wp-json\/wp\/v2\/media\/2050"}],"wp:attachment":[{"href":"https:\/\/shop.studiovix.nl\/de\/wp-json\/wp\/v2\/media?parent=3310"}],"wp:term":[{"taxonomy":"product_brand","embeddable":true,"href":"https:\/\/shop.studiovix.nl\/de\/wp-json\/wp\/v2\/product_brand?post=3310"},{"taxonomy":"product_cat","embeddable":true,"href":"https:\/\/shop.studiovix.nl\/de\/wp-json\/wp\/v2\/product_cat?post=3310"},{"taxonomy":"product_tag","embeddable":true,"href":"https:\/\/shop.studiovix.nl\/de\/wp-json\/wp\/v2\/product_tag?post=3310"}],"curies":[{"name":"wp","href":"https:\/\/api.w.org\/{rel}","templated":true}]}}