{"id":3325,"date":"2023-05-30T02:48:16","date_gmt":"2023-05-30T02:48:16","guid":{"rendered":"https:\/\/shop.studiovix.nl\/product\/flinder-flex-bildschirm\/"},"modified":"2025-07-14T08:18:55","modified_gmt":"2025-07-14T08:18:55","slug":"akustik-tischtrennwand","status":"publish","type":"product","link":"https:\/\/shop.studiovix.nl\/de\/produkt\/akustik-tischtrennwand\/","title":{"rendered":"VLINDER Akustik Tischtrennwand"},"content":{"rendered":"<h2>VLINDER Akustik Tischtrennwand<\/h2>\n<p><strong>Flexibel, leicht und faltbar \u2013 f\u00fcr einen ruhigen Arbeitsplatz, wo immer Sie sind.<\/strong><\/p>\n<p data-start=\"471\" data-end=\"787\">Arbeiten Sie fokussiert in der Schule, zu Hause, im B\u00fcro oder im Caf\u00e9. Die VLINDER (= Schmetterling) Akustik Tischtrennwand schafft \u00fcberall Ihren pers\u00f6nlichen Fokusbereich.<br \/>\nLeicht, einfach aufklappbar und schnell aufgestellt.<br \/>\nVerwendbar als Akustik Tischtrennwand oder als h\u00e4ngendes Paneel: f\u00fcr weniger L\u00e4rm und weniger visuelle Ablenkung.<\/p>\n<p><strong>Wichtige Merkmale<\/strong><\/p>\n<p>\u2714\ufe0f Faltbares und tragbares Design \u2013 von der Aktentasche zur Akustik Tischtrennwand<\/p>\n<p>\u2714\ufe0f Reduziert 50\u201360 % der Ger\u00e4usche im Sprachfrequenzbereich<\/p>\n<p>\u2714\ufe0f Perfekt f\u00fcr Kinder und Berufst\u00e4tige, die leicht abgelenkt sind<\/p>\n<p>\u2714\ufe0f Nutzbar als Akustik Tischtrennwand oder h\u00e4ngendes Paneel<\/p>\n<p>\u2714\ufe0f Multifunktionales Band zum einfachen Verstauen oder Aufh\u00e4ngen<\/p>\n<p>\u2714\ufe0f Mit weichem Filz bezogen \u2013 f\u00fcr Komfort und eine edle Optik<\/p>\n<h2 data-start=\"794\" data-end=\"821\"><img decoding=\"async\" class=\"alignnone size-medium wp-image-259\" src=\"https:\/\/shop.studiovix.nl\/wp-content\/uploads\/2023\/05\/VLINDER-acoustic-flexscreen-transformations-06-300x52.jpg\" alt=\"Der schalld\u00e4mpfendste Schreibtischschirm, den Sie zusammenklappen und als Tasche mitnehmen k\u00f6nnen\" width=\"300\" height=\"52\" \/><\/h2>\n<h2 data-start=\"794\" data-end=\"821\">Fokus \u2013 wo immer Sie arbeiten<\/h2>\n<p data-start=\"823\" data-end=\"1115\">Ob Sie im B\u00fcro, im Klassenzimmer oder zu Hause einen ruhigen Arbeitsplatz ben\u00f6tigen:<br \/>\nMit der VLINDER Akustik Tischtrennwand schaffen Sie sich diesen im Handumdrehen selbst.<br \/>\nEinfach als Tischtrennwand aufklappen oder als Wandpaneel aufh\u00e4ngen \u2013 so bauen Sie sich im Nu Ihren pers\u00f6nlichen Kokon gegen Reize.<\/p>\n<h2 data-start=\"1362\" data-end=\"1389\">Weniger L\u00e4rm, mehr Ruhe<\/h2>\n<p data-start=\"1391\" data-end=\"1612\">Die VLINDER (Schmetterling) Akustik Tischtrennwand reduziert st\u00f6rende Hintergrundger\u00e4usche wie Gespr\u00e4che, Telefonate oder klappernde Kaffeetassen.<br data-start=\"1523\" data-end=\"1526\" \/>Auch Nachhall und Echo werden verringert, sodass Sie weniger schnell abgelenkt werden.<br \/>\nDank der visuellen Abschirmung bleiben Sie konzentriert, ohne durch Bewegungen in Ihrer Umgebung st\u00e4ndig abgelenkt zu werden.<\/p>\n<p data-start=\"1614\" data-end=\"1796\">Dankzij de visuele afscherming blijf je geconcentreerd werken, zonder steeds getriggerd te worden door bewegingen in je omgeving.<\/p>\n<h2 data-start=\"1803\" data-end=\"1841\">Hochwertige akustische Materialien<\/h2>\n<p data-start=\"1843\" data-end=\"1966\">\u2714\ufe0f<strong> 50\u201360 % Schallabsorption im Sprachfrequenzbereich<\/strong><br data-start=\"1892\" data-end=\"1895\" \/>\u2714\ufe0f Mindestens 3-mal effektiver als herk\u00f6mmliche flexible Tischtrennw\u00e4nde<\/p>\n<p data-start=\"1968\" data-end=\"2235\">Der VLINDER Schallschutzschirm besteht aus einer nachhaltigen akustischen F\u00fcllung aus 70 % recycelter Polyesterwolle.<br \/>\nDie langen Fasern sorgen f\u00fcr Stabilit\u00e4t und optimale Schallabsorption. Die Au\u00dfenseite ist mit einem hochwertigen 2 mm dicken Filzstoff bezogen \u2013 weich, langlebig und stilvoll.<\/p>\n<h2 data-start=\"2355\" data-end=\"2390\">Mehr Fokus und Wohlbefinden im Klassenzimmer<\/h2>\n<p data-start=\"2392\" data-end=\"2516\">Besonders f\u00fcr Kinder \u2013 insbesondere Kinder mit ADHS \u2013 hilft die VLINDER Akustik Tischtrennwand, einen eigenen ruhigen Arbeitsplatz zu schaffen:<\/p>\n<ul>\n<li data-start=\"2519\" data-end=\"2566\">Weniger Stress, Reiz\u00fcberflutung und M\u00fcdigkeit<\/li>\n<li data-start=\"2569\" data-end=\"2621\">Bessere Konzentration und Fokus durch weniger Ablenkung<\/li>\n<li data-start=\"2624\" data-end=\"2669\">Selbstbestimmung \u00fcber ihren Lernprozess und ihre Umgebung<\/li>\n<\/ul>\n<h2 data-start=\"2676\" data-end=\"2713\">Cleveres Detail: das Multifunktionsband<\/h2>\n<p data-start=\"2715\" data-end=\"2952\">Die VLINDER verf\u00fcgt \u00fcber ein cleveres Band, um Ihren Arbeitsplatz ordentlich zu halten.<br data-start=\"2780\" data-end=\"2783\" \/>Verwenden Sie das Band, um kleine Gegenst\u00e4nde zu verstauen, um die Trennwand zusammenzufalten und als praktische Aktentasche zu transportieren oder um sie als akustisches Paneel im Raum aufzuh\u00e4ngen.<\/p>\n<p><img fetchpriority=\"high\" decoding=\"async\" class=\"alignnone wp-image-13052 size-medium\" src=\"https:\/\/shop.studiovix.nl\/wp-content\/uploads\/2025\/07\/Vlinder-acoustic-flexscreen-bag-sketch-300x191.jpg\" alt=\"Ein multifunktionaler Akustikschirm f\u00fcr den Einsatz auf dem Schreibtisch oder als h\u00e4ngender Baffle \u2013 VLINDER\" width=\"300\" height=\"191\" srcset=\"https:\/\/shop.studiovix.nl\/wp-content\/uploads\/2025\/07\/Vlinder-acoustic-flexscreen-bag-sketch-300x191.jpg 300w, https:\/\/shop.studiovix.nl\/wp-content\/uploads\/2025\/07\/Vlinder-acoustic-flexscreen-bag-sketch-1024x652.jpg 1024w, https:\/\/shop.studiovix.nl\/wp-content\/uploads\/2025\/07\/Vlinder-acoustic-flexscreen-bag-sketch-768x489.jpg 768w, https:\/\/shop.studiovix.nl\/wp-content\/uploads\/2025\/07\/Vlinder-acoustic-flexscreen-bag-sketch-1536x979.jpg 1536w, https:\/\/shop.studiovix.nl\/wp-content\/uploads\/2025\/07\/Vlinder-acoustic-flexscreen-bag-sketch-600x382.jpg 600w, https:\/\/shop.studiovix.nl\/wp-content\/uploads\/2025\/07\/Vlinder-acoustic-flexscreen-bag-sketch.jpg 1750w\" sizes=\"(max-width: 300px) 100vw, 300px\" \/><\/p>\n<p><strong>Ma\u00dfe: <\/strong>122 \u00d7 50 \u00d7 3 cm aufgeklappt<\/p>\n<div>\n<p><strong>Lieferzeit innerhalb der EU<\/strong>: 3\u20137 Werktage<\/p>\n<p><strong>Kontaktieren Sie uns:<\/strong><br \/>\nF\u00fcr gr\u00f6\u00dfere St\u00fcckzahlen und zur Absprache von Lieferzeiten.<br \/>\nF\u00fcr Sonderanfertigungen, spezielle Farben und Ma\u00dfe.<\/p>\n<\/div>\n","protected":false},"excerpt":{"rendered":"<p data-start=\"274\" data-end=\"574\"><strong data-start=\"274\" data-end=\"375\">Leicht, flexibel und faltbar \u2013 f\u00fcr akustischen und visuellen Komfort, wo immer Sie arbeiten.<\/strong><\/p>\n<p data-start=\"274\" data-end=\"574\">Reduziert st\u00f6rende Ger\u00e4usche und visuelle Reize, sodass Sie konzentriert arbeiten k\u00f6nnen \u2013 zu Hause, in der Schule oder im B\u00fcro.<\/p>\n<p data-start=\"274\" data-end=\"574\">Sanft f\u00fcrs Ohr, beruhigend f\u00fcrs Auge dank hochwertiger Filzoberfl\u00e4che.<\/p>\n","protected":false},"featured_media":1762,"template":"","meta":[],"product_brand":[278],"product_cat":[151],"product_tag":[153,154],"class_list":{"0":"post-3325","1":"product","2":"type-product","3":"status-publish","4":"has-post-thumbnail","6":"product_brand-studiovix","7":"product_cat-akustik-pinnwaende","8":"product_tag-akustisch","9":"product_tag-flexibler-bildschirm","10":"product_shipping_class-versandklasse-klein","12":"first","13":"instock","14":"taxable","15":"shipping-taxable","16":"purchasable","17":"product-type-variable"},"aioseo_notices":[],"jetpack_sharing_enabled":true,"_links":{"self":[{"href":"https:\/\/shop.studiovix.nl\/de\/wp-json\/wp\/v2\/product\/3325","targetHints":{"allow":["GET"]}}],"collection":[{"href":"https:\/\/shop.studiovix.nl\/de\/wp-json\/wp\/v2\/product"}],"about":[{"href":"https:\/\/shop.studiovix.nl\/de\/wp-json\/wp\/v2\/types\/product"}],"wp:featuredmedia":[{"embeddable":true,"href":"https:\/\/shop.studiovix.nl\/de\/wp-json\/wp\/v2\/media\/1762"}],"wp:attachment":[{"href":"https:\/\/shop.studiovix.nl\/de\/wp-json\/wp\/v2\/media?parent=3325"}],"wp:term":[{"taxonomy":"product_brand","embeddable":true,"href":"https:\/\/shop.studiovix.nl\/de\/wp-json\/wp\/v2\/product_brand?post=3325"},{"taxonomy":"product_cat","embeddable":true,"href":"https:\/\/shop.studiovix.nl\/de\/wp-json\/wp\/v2\/product_cat?post=3325"},{"taxonomy":"product_tag","embeddable":true,"href":"https:\/\/shop.studiovix.nl\/de\/wp-json\/wp\/v2\/product_tag?post=3325"}],"curies":[{"name":"wp","href":"https:\/\/api.w.org\/{rel}","templated":true}]}}