{"id":3341,"date":"2023-05-30T02:13:15","date_gmt":"2023-05-30T02:13:15","guid":{"rendered":"https:\/\/shop.studiovix.nl\/product\/klaver-haengeleuchte\/"},"modified":"2023-05-30T02:13:15","modified_gmt":"2023-05-30T02:13:15","slug":"klaver-haengeleuchte","status":"publish","type":"product","link":"https:\/\/shop.studiovix.nl\/de\/produkt\/klaver-haengeleuchte\/","title":{"rendered":"KLAVER H\u00e4ngeleuchte"},"content":{"rendered":"<p>Die KLAVER Pendelleuchte bringt Sie und Ihren Raum zum Strahlen!<\/p>\n<p>Blumen machen uns gl\u00fccklich, sie wecken ein Gef\u00fchl der Freude und Dankbarkeit. Wie sch\u00f6n ist es, wenn Sie dieses Gef\u00fchl mit der KLAVER Pendelleuchte nach drinnen holen k\u00f6nnen. Eine ikonische Lampe aus hochwertigem pulverbeschichtetem Stahl mit einer sch\u00f6nen strukturierten Oberfl\u00e4che f\u00fcr ein warmes Gef\u00fchl.<\/p>\n<p>Material: Deckenschirm, Lampenfassung, Halterung aus Stahl mit einer hochwertigen, fein strukturierten Pulverbeschichtung Kabel: Eisenkabel Farbe: schwarz Leuchtmittel: E27 5-6W LED, Dia. 10 cm, Farbe: wei\u00df So bringen Sie mit KLAVER die Blume in Ihr Zuhause, um es gem\u00fctlich zu machen!<\/p>\n<div>\n<p>Lieferzeit innerhalb von NL &amp; BE : 3-7 Tage Lieferzeit innerhalb der EU : 2 Wochen Bitte kontaktieren Sie uns: F\u00fcr gr\u00f6\u00dfere Mengen, um die Lieferzeiten zu erfahren. F\u00fcr Sonderanfertigungen, spezielle Farben und Gr\u00f6\u00dfen.<\/p>\n<\/div>\n","protected":false},"excerpt":{"rendered":"<p>Die KLAVER Pendelleuchte symbolisiert eine Blume: Der St\u00e4ngel die Schnur, die Bl\u00fctenbl\u00e4tter die Halterung, der Kelch die Lampenfassung und die Knospe die Gl\u00fchbirne. So bringen Sie mit KLAVER die Blume in Ihr Zuhause, um es gem\u00fctlich zu machen! Eine Blume, die &#8218;leuchtet&#8216;. Um die Sch\u00f6nheit der Natur ins Haus zu holen.<\/p>\n","protected":false},"featured_media":1666,"template":"","meta":[],"product_brand":[],"product_cat":[165],"product_tag":[166],"class_list":{"0":"post-3341","1":"product","2":"type-product","3":"status-publish","4":"has-post-thumbnail","6":"product_cat-designlampen-garderobenstaender","7":"product_tag-biophile-lampe","8":"product_shipping_class-versandklasse-klein","10":"first","11":"instock","12":"taxable","13":"shipping-taxable","14":"purchasable","15":"product-type-variable"},"aioseo_notices":[],"jetpack_sharing_enabled":true,"_links":{"self":[{"href":"https:\/\/shop.studiovix.nl\/de\/wp-json\/wp\/v2\/product\/3341","targetHints":{"allow":["GET"]}}],"collection":[{"href":"https:\/\/shop.studiovix.nl\/de\/wp-json\/wp\/v2\/product"}],"about":[{"href":"https:\/\/shop.studiovix.nl\/de\/wp-json\/wp\/v2\/types\/product"}],"wp:featuredmedia":[{"embeddable":true,"href":"https:\/\/shop.studiovix.nl\/de\/wp-json\/wp\/v2\/media\/1666"}],"wp:attachment":[{"href":"https:\/\/shop.studiovix.nl\/de\/wp-json\/wp\/v2\/media?parent=3341"}],"wp:term":[{"taxonomy":"product_brand","embeddable":true,"href":"https:\/\/shop.studiovix.nl\/de\/wp-json\/wp\/v2\/product_brand?post=3341"},{"taxonomy":"product_cat","embeddable":true,"href":"https:\/\/shop.studiovix.nl\/de\/wp-json\/wp\/v2\/product_cat?post=3341"},{"taxonomy":"product_tag","embeddable":true,"href":"https:\/\/shop.studiovix.nl\/de\/wp-json\/wp\/v2\/product_tag?post=3341"}],"curies":[{"name":"wp","href":"https:\/\/api.w.org\/{rel}","templated":true}]}}