{"id":3406,"date":"2023-05-25T00:26:25","date_gmt":"2023-05-25T00:26:25","guid":{"rendered":"https:\/\/shop.studiovix.nl\/product\/blume-stehlampe\/"},"modified":"2023-05-25T00:26:25","modified_gmt":"2023-05-25T00:26:25","slug":"blume-stehlampe","status":"publish","type":"product","link":"https:\/\/shop.studiovix.nl\/de\/produkt\/blume-stehlampe\/","title":{"rendered":"Blume Stehlampe"},"content":{"rendered":"<p>Stehleuchte BLOEM 3 drehbare Lampenschirme; stufenlos verstellbar E27 LED\/ GU10 Gl\u00fchbirnen Gestell + Lampenschirme aus pulverbeschichtetem Stahl Gestellfarbe: wei\u00df &amp; schwarz Kabel: 2000 mm, in rot (wei\u00df) &amp; schwarz (schwarz). Abmessungen: H. 1600 mm, B. Bis Boden \u00d8. 500 mm, auf Lampenh\u00f6he \u00d8. 960 mm    <\/p>\n<div>\n<p>Lieferzeit innerhalb von NL &amp; BE : 3-7 Tage Lieferzeit innerhalb der EU : 2 Wochen Bitte kontaktieren Sie uns: F\u00fcr gr\u00f6\u00dfere Mengen, um die Lieferzeiten zu erfahren. F\u00fcr Sonderanfertigungen, spezielle Farben und Gr\u00f6\u00dfen.<\/p>\n<\/div>\n","protected":false},"excerpt":{"rendered":"<p>BLOEM Stehleuchte ist ikonisch, elegant und kraftvoll. Schick in Materialwahl und Ausf\u00fchrung, verspielt in der Form und zeitlos im Design. Sch\u00f6n f\u00fcr das B\u00fcro, das Restaurant, die Lobby, das Wohnzimmer&#8230; Eine dreibeinige Stehleuchte mit drei drehbaren Lampenschirmen. Lassen Sie diese Lampe leuchten. <\/p>\n","protected":false},"featured_media":1458,"template":"","meta":[],"product_brand":[],"product_cat":[165],"product_tag":[],"class_list":{"0":"post-3406","1":"product","2":"type-product","3":"status-publish","4":"has-post-thumbnail","6":"product_cat-designlampen-garderobenstaender","7":"product_shipping_class-versandklasse-gros","9":"first","10":"instock","11":"taxable","12":"shipping-taxable","13":"purchasable","14":"product-type-variable"},"aioseo_notices":[],"jetpack_sharing_enabled":true,"_links":{"self":[{"href":"https:\/\/shop.studiovix.nl\/de\/wp-json\/wp\/v2\/product\/3406","targetHints":{"allow":["GET"]}}],"collection":[{"href":"https:\/\/shop.studiovix.nl\/de\/wp-json\/wp\/v2\/product"}],"about":[{"href":"https:\/\/shop.studiovix.nl\/de\/wp-json\/wp\/v2\/types\/product"}],"wp:featuredmedia":[{"embeddable":true,"href":"https:\/\/shop.studiovix.nl\/de\/wp-json\/wp\/v2\/media\/1458"}],"wp:attachment":[{"href":"https:\/\/shop.studiovix.nl\/de\/wp-json\/wp\/v2\/media?parent=3406"}],"wp:term":[{"taxonomy":"product_brand","embeddable":true,"href":"https:\/\/shop.studiovix.nl\/de\/wp-json\/wp\/v2\/product_brand?post=3406"},{"taxonomy":"product_cat","embeddable":true,"href":"https:\/\/shop.studiovix.nl\/de\/wp-json\/wp\/v2\/product_cat?post=3406"},{"taxonomy":"product_tag","embeddable":true,"href":"https:\/\/shop.studiovix.nl\/de\/wp-json\/wp\/v2\/product_tag?post=3406"}],"curies":[{"name":"wp","href":"https:\/\/api.w.org\/{rel}","templated":true}]}}