{"id":3245,"date":"2024-02-07T12:23:11","date_gmt":"2024-02-07T12:23:11","guid":{"rendered":"https:\/\/shop.studiovix.nl\/test-des-couleurs-de-la-page\/"},"modified":"2026-04-28T13:51:06","modified_gmt":"2026-04-28T13:51:06","slug":"service-retour","status":"publish","type":"page","link":"https:\/\/shop.studiovix.nl\/fr\/service-retour\/","title":{"rendered":"Service"},"content":{"rendered":"\t\t<div data-elementor-type=\"wp-page\" data-elementor-id=\"3245\" class=\"elementor elementor-3245 elementor-658\">\n\t\t\t\t\t\t<section class=\"elementor-section elementor-top-section elementor-element elementor-element-a396b22 ct-section-stretched elementor-section-boxed elementor-section-height-default elementor-section-height-default\" data-id=\"a396b22\" data-element_type=\"section\" data-e-type=\"section\" data-settings=\"{&quot;background_background&quot;:&quot;slideshow&quot;,&quot;background_slideshow_gallery&quot;:[{&quot;id&quot;:2233,&quot;url&quot;:&quot;https:\\\/\\\/shop.studiovix.nl\\\/wp-content\\\/uploads\\\/2023\\\/12\\\/Studiotools-whiteboards-en-flipovers-van-studioVIX.jpg&quot;}],&quot;background_slideshow_loop&quot;:&quot;yes&quot;,&quot;background_slideshow_slide_duration&quot;:5000,&quot;background_slideshow_slide_transition&quot;:&quot;fade&quot;,&quot;background_slideshow_transition_duration&quot;:500}\">\n\t\t\t\t\t\t\t<div class=\"elementor-background-overlay\"><\/div>\n\t\t\t\t\t\t\t<div class=\"elementor-container elementor-column-gap-default\">\n\t\t\t\t\t<div class=\"elementor-column elementor-col-100 elementor-top-column elementor-element elementor-element-ce97ae7\" data-id=\"ce97ae7\" data-element_type=\"column\" data-e-type=\"column\">\n\t\t\t<div class=\"elementor-widget-wrap elementor-element-populated\">\n\t\t\t\t\t\t<div class=\"elementor-element elementor-element-2ff365d elementor-widget elementor-widget-heading\" data-id=\"2ff365d\" data-element_type=\"widget\" data-e-type=\"widget\" data-widget_type=\"heading.default\">\n\t\t\t\t<div class=\"elementor-widget-container\">\n\t\t\t\t\t<h2 class=\"elementor-heading-title elementor-size-default\"><br>StudioVIX<br><\/h2>\t\t\t\t<\/div>\n\t\t\t\t<\/div>\n\t\t\t\t<div class=\"elementor-element elementor-element-fa38556 elementor-widget elementor-widget-heading\" data-id=\"fa38556\" data-element_type=\"widget\" data-e-type=\"widget\" data-widget_type=\"heading.default\">\n\t\t\t\t<div class=\"elementor-widget-container\">\n\t\t\t\t\t<h2 class=\"elementor-heading-title elementor-size-default\">Qualit\u00e9 \u2013 Service \u2013 Retour<\/h2>\t\t\t\t<\/div>\n\t\t\t\t<\/div>\n\t\t\t\t\t<\/div>\n\t\t<\/div>\n\t\t\t\t\t<\/div>\n\t\t<\/section>\n\t\t\t\t<section class=\"elementor-section elementor-top-section elementor-element elementor-element-21f5893 elementor-section-boxed elementor-section-height-default elementor-section-height-default\" data-id=\"21f5893\" data-element_type=\"section\" data-e-type=\"section\">\n\t\t\t\t\t\t<div class=\"elementor-container elementor-column-gap-default\">\n\t\t\t\t\t<div class=\"elementor-column elementor-col-100 elementor-top-column elementor-element elementor-element-5ad90ee\" data-id=\"5ad90ee\" data-element_type=\"column\" data-e-type=\"column\">\n\t\t\t<div class=\"elementor-widget-wrap elementor-element-populated\">\n\t\t\t\t\t\t<div class=\"elementor-element elementor-element-dff6037 elementor-widget elementor-widget-text-editor\" data-id=\"dff6037\" data-element_type=\"widget\" data-e-type=\"widget\" data-widget_type=\"text-editor.default\">\n\t\t\t\t<div class=\"elementor-widget-container\">\n\t\t\t\t\t\t\t\t\t<p data-start=\"238\" data-end=\"441\"> <\/p><p data-start=\"238\" data-end=\"441\">Chez StudioVIX, nous accordons une grande importance au plaisir d\u2019utilisation durable alli\u00e9 \u00e0 une qualit\u00e9 responsable. Tous nos produits sont con\u00e7us et fabriqu\u00e9s avec soin aux Pays-Bas. <\/p><h3 data-start=\"443\" data-end=\"475\">Produit endommag\u00e9 ou erreur de livraison?<\/h3><p data-start=\"477\" data-end=\"1095\">Chaque produit StudioVIX est soigneusement contr\u00f4l\u00e9 et emball\u00e9 avant exp\u00e9dition. Les articles volumineux sont livr\u00e9s par un transporteur fiable et professionnel afin d\u2019assurer une livraison en toute s\u00e9curit\u00e9.<br>Malgr\u00e9 cela, vous avez re\u00e7u un produit endommag\u00e9 ou incorrect ? Merci de nous en informer dans les 48 heures suivant la livraison, par e-mail \u00e0 info@studiovix.nl, en mentionnant votre num\u00e9ro de commande et en joignant des photos claires du probl\u00e8me. Nous trouverons bien entendu une solution appropri\u00e9e : r\u00e9paration, remplacement ou remboursement. Veuillez \u00e9galement consulter nos conditions g\u00e9n\u00e9rales de responsabilit\u00e9.     <\/p><h3 data-start=\"1427\" data-end=\"1453\">Politique de service durable<\/h3><p data-start=\"1455\" data-end=\"1866\">Chez StudioVIX, nous con\u00e7evons nos produits pour une longue dur\u00e9e de vie, un entretien facile et une r\u00e9parabilit\u00e9 maximale. Si un d\u00e9faut appara\u00eet avec le temps, nous proposons pour la plupart de nos produits des pi\u00e8ces de rechange, afin d\u2019\u00e9viter le remplacement complet. Cela permet de prolonger la dur\u00e9e de vie de nos produits et de r\u00e9duire les d\u00e9chets ainsi que la consommation de mati\u00e8res premi\u00e8res.   <\/p><p data-start=\"1868\" data-end=\"2159\">Gr\u00e2ce \u00e0 notre production locale aux Pays-Bas, nous garantissons une qualit\u00e9 constante et une grande r\u00e9activit\u00e9. Associ\u00e9s \u00e0 un choix de mat\u00e9riaux judicieux et un design intemporel, nous visons \u00e0 vous offrir un plaisir d\u2019utilisation durable \u2013 aujourd\u2019hui et demain. <\/p><h3 data-start=\"956\" data-end=\"976\">Droit de r\u00e9tractation<\/h3><p data-start=\"978\" data-end=\"1184\">Vous avez command\u00e9 un produit standard sur notre boutique en ligne ? En tant que consommateur, vous disposez d\u2019un droit de r\u00e9tractation de 14 jours \u00e0 compter de la r\u00e9ception, conform\u00e9ment \u00e0 la loi n\u00e9erlandaise sur la vente \u00e0 distance. <\/p><p data-start=\"1186\" data-end=\"1366\">Ce droit s\u2019applique uniquement aux consommateurs et exclusivement aux produits standards. Les produits sur mesure \u2013 comme nos panneaux acoustiques ou tableaux d\u2019affichage personnalis\u00e9s \u2013 sont exclus du droit de retour.<\/p><h3 data-start=\"1373\" data-end=\"1407\">Conditions de retour<\/h3><p data-start=\"1409\" data-end=\"1493\">Pour qu\u2019un retour soit accept\u00e9, les conditions suivantes doivent \u00eatre remplies:<\/p><ul data-start=\"1495\" data-end=\"2125\"><li data-start=\"1495\" data-end=\"1597\">Le produit est neuf, non utilis\u00e9, non endommag\u00e9, dans son emballage d\u2019origine intact.<\/li><li data-start=\"1598\" data-end=\"1678\">La demande de retour est faite par \u00e9crit dans les 14 jours suivant la livraison.<\/li><li data-start=\"1679\" data-end=\"2026\">Si plusieurs produits identiques ont \u00e9t\u00e9 command\u00e9s, la demande sera \u00e9valu\u00e9e au cas par cas (notamment selon que les produits soient toujours scell\u00e9s).<br data-start=\"1899\" data-end=\"1902\">Pour les commandes en quantit\u00e9, nous conseillons de nous contacter au pr\u00e9alable pour une recommandation ou un \u00e9chantillon. <\/li><li data-start=\"2027\" data-end=\"2125\">Le produit est renvoy\u00e9 correctement, apr\u00e8s validation de la demande de retour.<\/li><\/ul><h3 data-start=\"2132\" data-end=\"2163\">Retour via StudioVIX<\/h3><p data-start=\"2165\" data-end=\"2414\">Afin de prot\u00e9ger le produit et l\u2019environnement, et de garantir un processus de retour s\u00fbr, StudioVIX organise le transport retour via un transporteur agr\u00e9\u00e9. Les frais de retour sont \u00e0 la charge du client et calcul\u00e9s comme suit: <\/p><ul data-start=\"2416\" data-end=\"2566\"><li data-start=\"2416\" data-end=\"2461\">9,95\u20ac TTC pour un colis standard <\/li><li data-start=\"2462\" data-end=\"2524\">49,00\u20ac TTC pour les marchandises encombrantes (fret) <\/li><li data-start=\"2525\" data-end=\"2566\">95,00\u20ac TTC pour les envois sur palette <\/li><\/ul><p data-start=\"2568\" data-end=\"2798\">Si votre commande comprend plusieurs colis, les frais s\u2019appliquent par colis. Jusqu\u2019\u00e0 ce que le colis soit pris en charge par notre transporteur, vous restez responsable de son \u00e9tat et de son emballage.<\/p><h3 data-start=\"2805\" data-end=\"2833\">Retours non accept\u00e9s<\/h3><p data-start=\"2835\" data-end=\"2897\">Le retour n\u2019est pas possible dans les cas suivants :<\/p><ul data-start=\"2899\" data-end=\"3140\"><li data-start=\"2899\" data-end=\"3013\">Produits personnalis\u00e9s ou sur mesure (ex. panneaux acoustiques, tableaux d\u2019affichage, conceptions sp\u00e9ciales)<\/li><li data-start=\"3014\" data-end=\"3052\">Produits endommag\u00e9s ou utilis\u00e9s<\/li><li data-start=\"3053\" data-end=\"3140\">Produits ne pouvant pas \u00eatre retourn\u00e9s dans leur emballage d\u2019origine intact<\/li><\/ul><h3 data-start=\"3147\" data-end=\"3179\">Demande de retour en 3 \u00e9tapes<\/h3><ol data-start=\"4357\" data-end=\"4670\"><li data-start=\"4357\" data-end=\"4494\">Envoyez un e-mail \u00e0 info@studiovix.nl avec votre num\u00e9ro de commande, le produit concern\u00e9 et la raison du retour.<\/li><li data-start=\"4495\" data-end=\"4574\">Vous recevrez une confirmation et les instructions concernant le transport retour.<\/li><li data-start=\"4575\" data-end=\"4670\">Nous organiserons l\u2019enl\u00e8vement et vous fournirons les consignes d\u2019emballage.<\/li><\/ol><h3 data-start=\"4677\" data-end=\"4688\">Questions?<\/h3><p data-start=\"4690\" data-end=\"4859\">Des questions concernant notre politique de retour ou de service? Vous doutez que votre produit soit \u00e9ligible au retour?<br>N\u2019h\u00e9sitez pas \u00e0 nous contacter. Nous sommes \u00e0 votre \u00e9coute :  <\/p><p data-start=\"4861\" data-end=\"4937\"><strong data-start=\"4861\" data-end=\"4872\">E-mail: <\/strong>info@studiovix.nl<br data-start=\"4890\" data-end=\"4893\"><strong data-start=\"4893\" data-end=\"4906\">Telefoon:<\/strong> +31 30-7600170<\/p>\t\t\t\t\t\t\t\t<\/div>\n\t\t\t\t<\/div>\n\t\t\t\t\t<\/div>\n\t\t<\/div>\n\t\t\t\t\t<\/div>\n\t\t<\/section>\n\t\t\t\t<section class=\"elementor-section elementor-top-section elementor-element elementor-element-d58a893 elementor-section-boxed elementor-section-height-default elementor-section-height-default\" data-id=\"d58a893\" data-element_type=\"section\" data-e-type=\"section\">\n\t\t\t\t\t\t<div class=\"elementor-container elementor-column-gap-default\">\n\t\t\t\t\t<div class=\"elementor-column elementor-col-100 elementor-top-column elementor-element elementor-element-8486a5b\" data-id=\"8486a5b\" data-element_type=\"column\" data-e-type=\"column\">\n\t\t\t<div class=\"elementor-widget-wrap elementor-element-populated\">\n\t\t\t\t\t\t<div class=\"elementor-element elementor-element-294ea44 elementor-align-center elementor-widget elementor-widget-button\" data-id=\"294ea44\" data-element_type=\"widget\" data-e-type=\"widget\" data-widget_type=\"button.default\">\n\t\t\t\t<div class=\"elementor-widget-container\">\n\t\t\t\t\t\t\t\t\t<div class=\"elementor-button-wrapper\">\n\t\t\t\t\t<a class=\"elementor-button elementor-button-link elementor-size-sm\" href=\"https:\/\/shop.studiovix.nl\/wp-content\/uploads\/2025\/05\/Algemene-leveringsvoorwaarden-Studio-VIX.pdf\">\n\t\t\t\t\t\t<span class=\"elementor-button-content-wrapper\">\n\t\t\t\t\t\t\t\t\t<span class=\"elementor-button-text\">StudioVIX Conditions de responsabilit\u00e9<\/span>\n\t\t\t\t\t<\/span>\n\t\t\t\t\t<\/a>\n\t\t\t\t<\/div>\n\t\t\t\t\t\t\t\t<\/div>\n\t\t\t\t<\/div>\n\t\t\t\t\t<\/div>\n\t\t<\/div>\n\t\t\t\t\t<\/div>\n\t\t<\/section>\n\t\t\t\t<\/div>\n\t\t","protected":false},"excerpt":{"rendered":"<p>StudioVIX Qualit\u00e9 \u2013 Service \u2013 Retour Chez StudioVIX, nous accordons une grande importance au plaisir d\u2019utilisation durable alli\u00e9 \u00e0 une qualit\u00e9 responsable. Tous nos produits sont con\u00e7us et fabriqu\u00e9s avec soin aux Pays-Bas. Produit endommag\u00e9 ou erreur de livraison? Chaque produit StudioVIX est soigneusement contr\u00f4l\u00e9 et emball\u00e9 avant exp\u00e9dition. Les articles volumineux sont livr\u00e9s par [&hellip;]<\/p>\n","protected":false},"author":2,"featured_media":0,"parent":0,"menu_order":0,"comment_status":"closed","ping_status":"closed","template":"","meta":{"footnotes":""},"class_list":["post-3245","page","type-page","status-publish","hentry"],"blocksy_meta":[],"aioseo_notices":[],"jetpack_sharing_enabled":true,"_links":{"self":[{"href":"https:\/\/shop.studiovix.nl\/fr\/wp-json\/wp\/v2\/pages\/3245","targetHints":{"allow":["GET"]}}],"collection":[{"href":"https:\/\/shop.studiovix.nl\/fr\/wp-json\/wp\/v2\/pages"}],"about":[{"href":"https:\/\/shop.studiovix.nl\/fr\/wp-json\/wp\/v2\/types\/page"}],"author":[{"embeddable":true,"href":"https:\/\/shop.studiovix.nl\/fr\/wp-json\/wp\/v2\/users\/2"}],"replies":[{"embeddable":true,"href":"https:\/\/shop.studiovix.nl\/fr\/wp-json\/wp\/v2\/comments?post=3245"}],"version-history":[{"count":8,"href":"https:\/\/shop.studiovix.nl\/fr\/wp-json\/wp\/v2\/pages\/3245\/revisions"}],"predecessor-version":[{"id":14217,"href":"https:\/\/shop.studiovix.nl\/fr\/wp-json\/wp\/v2\/pages\/3245\/revisions\/14217"}],"wp:attachment":[{"href":"https:\/\/shop.studiovix.nl\/fr\/wp-json\/wp\/v2\/media?parent=3245"}],"curies":[{"name":"wp","href":"https:\/\/api.w.org\/{rel}","templated":true}]}}