{"id":11997,"date":"2023-10-09T00:35:17","date_gmt":"2023-10-09T00:35:17","guid":{"rendered":"https:\/\/shop.studiovix.nl\/product\/panneau-acoustique-decoratif-iris\/"},"modified":"2025-07-11T13:54:12","modified_gmt":"2025-07-11T13:54:12","slug":"panneau-acoustique-decoratif-iris","status":"publish","type":"product","link":"https:\/\/shop.studiovix.nl\/fr\/produit\/panneau-acoustique-decoratif-iris\/","title":{"rendered":"Panneau acoustique d\u00e9coratif IRIS"},"content":{"rendered":"<p>Le panneau acoustique d\u00e9coratif IRIS offre une excellente absorption sonore (85 \u00e0 95 % sur les fr\u00e9quences vocales) et une apparence apaisante gr\u00e2ce \u00e0 sa surface velout\u00e9e avec un subtil d\u00e9grad\u00e9 de couleurs.<\/p>\n<p><strong>Noyau :<\/strong> Laine acoustique haute densit\u00e9<\/p>\n<p><strong>Rev\u00eatement : <\/strong>Velours sp\u00e9cial, fibres textiles appliqu\u00e9es \u00e0 la main en deux couleurs<\/p>\n<p><strong>Inclus : <\/strong>Kit de fixation murale<\/p>\n<p>D\u00e9lai de livraison NL &amp; UE : 3 \u00e0 5 semaines, chaque panneau est fabriqu\u00e9 \u00e0 la main sur commande.<\/p>\n<p>Contactez-nous pour des couleurs et dimensions sur mesure.<\/p>\n<p>______________________<\/p>\n<h3 data-start=\"2438\" data-end=\"2474\"><strong data-start=\"2442\" data-end=\"2472\">EXCELLENTE ABSORPTION ACOUSTIQUE<\/strong><\/h3>\n<p data-start=\"2475\" data-end=\"2661\">Le panneau acoustique d\u00e9coratif IRIS est compos\u00e9 d\u2019un mat\u00e9riau acoustique hautement absorbant de 50 mm d\u2019\u00e9paisseur, recouvert d\u2019un textile acoustique. Cela permet une absorption maximale du son.<\/p>\n<ul>\n<li data-start=\"2369\" data-end=\"2433\">Sur les fr\u00e9quences vocales, l\u2019absorption est d\u2019environ <strong data-start=\"2424\" data-end=\"2431\">85-95%<\/strong><\/li>\n<li data-start=\"2436\" data-end=\"2493\">Sur les sons plus aigus, comme les sonneries, elle d\u00e9passe m\u00eame les <strong data-start=\"2484\" data-end=\"2491\">90-95%<\/strong><\/li>\n<\/ul>\n<p data-start=\"2781\" data-end=\"2973\">Ces panneaux acoustiques d\u00e9coratifs IRIS sont donc id\u00e9aux pour r\u00e9duire la r\u00e9verb\u00e9ration, am\u00e9liorer l\u2019intelligibilit\u00e9 vocale et cr\u00e9er un confort acoustique dans des espaces tels que les bureaux, studios, salles de classe ou salons.<\/p>\n<p data-start=\"2975\" data-end=\"3081\">Gr\u00e2ce \u00e0 sa classification au feu C, le panneau est \u00e9galement adapt\u00e9 aux espaces publics et professionnels.<\/p>\n<p data-start=\"2689\" data-end=\"2799\">______________________<\/p>\n<h3 data-start=\"743\" data-end=\"781\"><strong data-start=\"747\" data-end=\"779\">Faites parler le silence avec style<\/strong><\/h3>\n<p data-start=\"782\" data-end=\"1062\">IRIS se compose de panneaux acoustiques circulaires d\u00e9coratifs, permettant de cr\u00e9er des compositions acoustiques impressionnantes.<br \/>\nEn positionnant chaque panneau de mani\u00e8re unique, vous cr\u00e9ez des paysages qui rappellent les vagues d\u2019eau traversant la pi\u00e8ce et adoucissant les sons.<\/p>\n<p data-start=\"1064\" data-end=\"1251\">Composez votre propre design acoustique \u2013 rond, demi-rond, ondul\u00e9\u2026 les possibilit\u00e9s sont infinies.<br data-start=\"1163\" data-end=\"1166\" \/>Les panneaux acoustiques IRIS vous donnent une libert\u00e9 totale pour fa\u00e7onner ambiance, calme et rythme.<\/p>\n<p data-start=\"1253\" data-end=\"1422\">Nous r\u00e9alisons \u00e9galement du sur-mesure : StudioVIX fabrique des panneaux acoustiques dans toutes les formes et dimensions souhait\u00e9es.<br \/>\nNous pouvons r\u00e9aliser des cercles complets ou des demi-cercles en une seule pi\u00e8ce.<\/p>\n<h3><strong>______________________<\/strong><\/h3>\n<h3 data-start=\"1429\" data-end=\"1472\"><strong data-start=\"1433\" data-end=\"1470\">Rythmes naturels, calme ressenti<\/strong><\/h3>\n<p data-start=\"1473\" data-end=\"1658\">Les panneaux acoustiques circulaires IRIS cr\u00e9ent un motif rythmique fascinant \u2014 inspir\u00e9 de la nature, o\u00f9 le rythme est pr\u00e9sent partout.<br \/>\nIls apportent une ambiance de confiance et de s\u00e9r\u00e9nit\u00e9.<\/p>\n<p data-start=\"1660\" data-end=\"1889\">Le panneau acoustique d\u00e9coratif IRIS est recouvert d\u2019un tissu velout\u00e9 et pr\u00e9sente un d\u00e9licat d\u00e9grad\u00e9 de couleurs.<br \/>\nIl est non seulement agr\u00e9able \u00e0 regarder, mais aussi plaisant au toucher. Doux au son comme au toucher, chaleureux dans son apparence.<\/p>\n<p data-start=\"1891\" data-end=\"2178\">Chaque panneau est minutieusement recouvert \u00e0 la main de fibres textiles microscopiques.<br \/>\nIl en r\u00e9sulte une esth\u00e9tique unique, invitant \u00e0 la d\u00e9tente et \u00e0 l\u2019inspiration.<br \/>\nDispos\u00e9s en compositions ondulantes, ces panneaux \u00e9voquent l\u2019air, la mer ou la glace. <br data-start=\"2088\" data-end=\"2091\" \/>Un panneau acoustique IRIS, c\u2019est bien plus que de l\u2019acoustique : il contribue aussi visuellement et tactilement \u00e0 la relaxation.<\/p>\n<p data-start=\"2180\" data-end=\"2431\">Chez StudioVIX, nous abordons le bien-\u00eatre de mani\u00e8re holistique. Le son, les stimuli visuels et le toucher influencent ensemble notre ressenti.<br data-start=\"2314\" data-end=\"2317\" \/>En stimulant tous ces sens avec le panneau acoustique d\u00e9coratif IRIS, nous cr\u00e9ons une exp\u00e9rience de calme riche et compl\u00e8te.<\/p>\n<p data-start=\"2689\" data-end=\"2799\">\n","protected":false},"excerpt":{"rendered":"<p data-start=\"198\" data-end=\"272\"><strong data-start=\"201\" data-end=\"270\">IRIS panneau acoustique d\u00e9coratif \u2013 o\u00f9 le calme rencontre l\u2019esth\u00e9tique<\/strong><\/p>\n<p data-start=\"273\" data-end=\"499\">Avec sa haute absorption acoustique (85 \u00e0 95 %) et son apparence fascinante, le panneau acoustique d\u00e9coratif IRIS apporte silence, atmosph\u00e8re et \u00e9l\u00e9gance dans chaque espace \u2014 que ce soit au bureau, \u00e0 l\u2019\u00e9cole, dans un restaurant, un studio ou \u00e0 la maison.<\/p>\n<p data-start=\"485\" data-end=\"657\">Cr\u00e9ez des paysages acoustiques fascinants :<br \/>\nSur le mur, au plafond, sur le bureau ou en pose libre dans la pi\u00e8ce \u2014 \u00e0 vous de choisir o\u00f9 et comment.<\/p>\n<p data-start=\"659\" data-end=\"764\"><strong>Esth\u00e9tique et efficace : une forte absorption acoustique et une v\u00e9ritable valeur d\u00e9corative pour votre int\u00e9rieur.<\/strong><\/p>\n<p data-start=\"659\" data-end=\"764\">Pour d\u2019autres couleurs que le bleu (plusieurs teintes sont possibles), ou pour des dimensions et formes personnalis\u00e9es, contactez-nous : <strong>Mail:<\/strong> <a href=\"mailto:info@studiovix.nl\">info@studiovix.nl<\/a> | <strong>tel:<\/strong> 030-7600170<\/p>\n","protected":false},"featured_media":2209,"template":"","meta":[],"product_brand":[278],"product_cat":[131],"product_tag":[335,369,371,319],"class_list":{"0":"post-11997","1":"product","2":"type-product","3":"status-publish","4":"has-post-thumbnail","6":"product_brand-studiovix","7":"product_cat-acoustique","8":"product_tag-oeuvre-dart-acoustique","9":"product_tag-panneau-acoustique","10":"product_tag-panneau-acoustique-decoratif","11":"product_tag-panneaux-muraux-acoustiques","12":"product_shipping_class-classe-dexpedition-grande","14":"first","15":"instock","16":"taxable","17":"shipping-taxable","18":"purchasable","19":"product-type-variable"},"aioseo_notices":[],"jetpack_sharing_enabled":true,"_links":{"self":[{"href":"https:\/\/shop.studiovix.nl\/fr\/wp-json\/wp\/v2\/product\/11997","targetHints":{"allow":["GET"]}}],"collection":[{"href":"https:\/\/shop.studiovix.nl\/fr\/wp-json\/wp\/v2\/product"}],"about":[{"href":"https:\/\/shop.studiovix.nl\/fr\/wp-json\/wp\/v2\/types\/product"}],"wp:featuredmedia":[{"embeddable":true,"href":"https:\/\/shop.studiovix.nl\/fr\/wp-json\/wp\/v2\/media\/2209"}],"wp:attachment":[{"href":"https:\/\/shop.studiovix.nl\/fr\/wp-json\/wp\/v2\/media?parent=11997"}],"wp:term":[{"taxonomy":"product_brand","embeddable":true,"href":"https:\/\/shop.studiovix.nl\/fr\/wp-json\/wp\/v2\/product_brand?post=11997"},{"taxonomy":"product_cat","embeddable":true,"href":"https:\/\/shop.studiovix.nl\/fr\/wp-json\/wp\/v2\/product_cat?post=11997"},{"taxonomy":"product_tag","embeddable":true,"href":"https:\/\/shop.studiovix.nl\/fr\/wp-json\/wp\/v2\/product_tag?post=11997"}],"curies":[{"name":"wp","href":"https:\/\/api.w.org\/{rel}","templated":true}]}}