{"id":3295,"date":"2023-05-30T02:48:16","date_gmt":"2023-05-30T02:48:16","guid":{"rendered":"https:\/\/shop.studiovix.nl\/product\/flinder-ecran-flexible\/"},"modified":"2025-07-11T13:14:26","modified_gmt":"2025-07-11T13:14:26","slug":"cloison-acoustique-de-bureau","status":"publish","type":"product","link":"https:\/\/shop.studiovix.nl\/fr\/produit\/cloison-acoustique-de-bureau\/","title":{"rendered":"VLINDER &#8211; cloison acoustique de bureau"},"content":{"rendered":"<h2>VLINDER &#8211; cloison acoustique de bureau<\/h2>\n<p><strong>Flexible, l\u00e9g\u00e8re et pliable \u2014 pour un espace de travail calme, o\u00f9 que vous soyez.<\/strong><\/p>\n<p data-start=\"471\" data-end=\"787\">Travaillez concentr\u00e9 \u00e0 l\u2019\u00e9cole, \u00e0 la maison, au bureau ou dans un caf\u00e9.<br \/>\nLa cloison acoustique de bureau VLINDER (PAPILLON) cr\u00e9e partout votre propre espace de concentration.<br \/>\nL\u00e9g\u00e8re, facile \u00e0 plier et rapide \u00e0 installer.<br \/>\nUtilisez-la comme cloison acoustique de table ou comme panneau suspendu : moins de bruit et moins de distractions visuelles.<\/p>\n<p><strong>Points cl\u00e9s<\/strong><\/p>\n<p>\u2714\ufe0f Design pliable et portable \u2014 de la mallette \u00e0 la cloison acoustique de bureau<\/p>\n<p>\u2714\ufe0f R\u00e9duit 50 \u00e0 60 % des bruits dans les fr\u00e9quences vocales<\/p>\n<p>\u2714\ufe0f Parfaite pour les enfants et les professionnels facilement distraits<\/p>\n<p>\u2714\ufe0f Utilisable comme cloison acoustique de bureau ou panneau suspendu<\/p>\n<p>\u2714\ufe0f Multifunctionele band voor makkelijk opbergen of ophangen<\/p>\n<p>\u2714\ufe0f Rev\u00eatue de feutre doux pour plus de confort et d\u2019esth\u00e9tique<\/p>\n<h2 data-start=\"794\" data-end=\"821\"><img decoding=\"async\" class=\"alignnone size-medium wp-image-259\" src=\"https:\/\/shop.studiovix.nl\/wp-content\/uploads\/2023\/05\/VLINDER-acoustic-flexscreen-transformations-06-300x52.jpg\" alt=\"L'\u00e9cran de bureau le plus insonorisant que vous puissiez plier et emporter avec vous comme un sac.\" width=\"300\" height=\"52\" \/><\/h2>\n<h2 data-start=\"794\" data-end=\"821\">Concentrez-vous, o\u00f9 que vous travailliez<\/h2>\n<p data-start=\"823\" data-end=\"1115\">Que vous ayez besoin d\u2019un espace calme au bureau, dans une salle de classe ou \u00e0 la maison,<br \/>\nla cloison acoustique de bureau VLINDER vous permet de le cr\u00e9er facilement.<br \/>\nD\u00e9pliez-la comme cloison de table ou suspendez-la comme panneau mural acoustique.<br \/>\nVous cr\u00e9ez ainsi votre propre cocon contre les distractions, en un rien de temps.<\/p>\n<h2 data-start=\"1362\" data-end=\"1389\">Moins de bruit, plus de calme<\/h2>\n<p data-start=\"1391\" data-end=\"1612\">La cloison acoustique de bureau VLINDER r\u00e9duit les bruits de fond g\u00eanants,<br data-start=\"1523\" data-end=\"1526\" \/>comme les conversations, les t\u00e9l\u00e9phones ou les tasses qui s\u2019entrechoquent.<br \/>\nElle r\u00e9duit \u00e9galement la r\u00e9verb\u00e9ration et l\u2019\u00e9cho, vous permettant de rester concentr\u00e9 plus longtemps.<\/p>\n<p data-start=\"1614\" data-end=\"1796\">Gr\u00e2ce \u00e0 sa barri\u00e8re visuelle, vous travaillez en toute concentration, sans \u00eatre constamment distrait par les mouvements autour de vous.<\/p>\n<h2 data-start=\"1803\" data-end=\"1841\">Mat\u00e9riaux acoustiques haut de gamme<\/h2>\n<p data-start=\"1843\" data-end=\"1966\">\u2714\ufe0f<strong> 50 \u00e0 60 % d\u2019absorption acoustique dans les fr\u00e9quences vocales<\/strong><br data-start=\"1892\" data-end=\"1895\" \/>\u2714\ufe0f Au moins 3 fois plus efficace que les cloisons de bureau flexibles standard<\/p>\n<p data-start=\"1968\" data-end=\"2235\">La cloison acoustique VLINDER est compos\u00e9e d\u2019un noyau acoustique durable en laine de polyester recycl\u00e9e \u00e0 70 %.<br \/>\nSes longues fibres assurent solidit\u00e9 et absorption acoustique optimale.<br \/>\nLa surface ext\u00e9rieure est rev\u00eatue d\u2019un feutre luxueux de 2 mm d\u2019\u00e9paisseur \u2014 doux, durable et \u00e9l\u00e9gant.<\/p>\n<h2 data-start=\"2355\" data-end=\"2390\">Plus de concentration et de bien-\u00eatre en classe<\/h2>\n<p data-start=\"2392\" data-end=\"2516\">Pour les enfants, notamment ceux atteints de TDAH, la cloison acoustique de bureau VLINDER aide \u00e0 cr\u00e9er un espace de travail calme :<\/p>\n<ul>\n<li data-start=\"2519\" data-end=\"2566\">Moins de stress, de surstimulation et de fatigue<\/li>\n<li data-start=\"2569\" data-end=\"2621\">Meilleure concentration gr\u00e2ce \u00e0 moins de distractions<\/li>\n<li data-start=\"2624\" data-end=\"2669\">Plus d\u2019autonomie dans leur apprentissage et leur environnement<\/li>\n<\/ul>\n<h2 data-start=\"2676\" data-end=\"2713\">D\u00e9tail astucieux : la sangle multifonctionnelle<\/h2>\n<p data-start=\"2715\" data-end=\"2952\">La VLINDER (PAPILLON) est \u00e9quip\u00e9e d\u2019une sangle intelligente pour garder votre espace de travail bien rang\u00e9.<br data-start=\"2780\" data-end=\"2783\" \/>Utilisez la sangle pour ranger vos affaires, replier l\u2019\u00e9cran en une mallette pratique,<br \/>\nou suspendre la cloison comme panneau acoustique dans l\u2019espace.<\/p>\n<p><img fetchpriority=\"high\" decoding=\"async\" class=\"alignnone wp-image-13052 size-medium\" src=\"https:\/\/shop.studiovix.nl\/wp-content\/uploads\/2025\/07\/Vlinder-acoustic-flexscreen-bag-sketch-300x191.jpg\" alt=\"Un \u00e9cran acoustique multifonctionnel \u00e0 poser sur le bureau ou \u00e0 suspendre comme baffle \u2013 VLINDER\" width=\"300\" height=\"191\" srcset=\"https:\/\/shop.studiovix.nl\/wp-content\/uploads\/2025\/07\/Vlinder-acoustic-flexscreen-bag-sketch-300x191.jpg 300w, https:\/\/shop.studiovix.nl\/wp-content\/uploads\/2025\/07\/Vlinder-acoustic-flexscreen-bag-sketch-1024x652.jpg 1024w, https:\/\/shop.studiovix.nl\/wp-content\/uploads\/2025\/07\/Vlinder-acoustic-flexscreen-bag-sketch-768x489.jpg 768w, https:\/\/shop.studiovix.nl\/wp-content\/uploads\/2025\/07\/Vlinder-acoustic-flexscreen-bag-sketch-1536x979.jpg 1536w, https:\/\/shop.studiovix.nl\/wp-content\/uploads\/2025\/07\/Vlinder-acoustic-flexscreen-bag-sketch-600x382.jpg 600w, https:\/\/shop.studiovix.nl\/wp-content\/uploads\/2025\/07\/Vlinder-acoustic-flexscreen-bag-sketch.jpg 1750w\" sizes=\"(max-width: 300px) 100vw, 300px\" \/><\/p>\n<p><strong>Dimensions :<\/strong> 122 \u00d7 50 \u00d7 3 cm d\u00e9pli\u00e9e<\/p>\n<div>\n<p><strong>D\u00e9lai de livraison dans l\u2019UE <\/strong>: 3 \u00e0 7 jours ouvr\u00e9s<\/p>\n<p><strong>Contactez-nous :<\/strong><br \/>\nPour des commandes en grande quantit\u00e9 et des d\u00e9lais de livraison garantis.<br \/>\nPour des personnalisations, couleurs ou dimensions sp\u00e9cifiques.<\/p>\n<\/div>\n","protected":false},"excerpt":{"rendered":"<p data-start=\"274\" data-end=\"574\"><strong data-start=\"274\" data-end=\"375\">L\u00e9g\u00e8re, flexible et pliable \u2014 une cloison acoustique de bureau pour le confort acoustique et visuel, o\u00f9 que vous travailliez.<\/strong><\/p>\n<p data-start=\"274\" data-end=\"574\">R\u00e9duit les bruits g\u00eanants et les stimuli visuels pour vous permettre de rester concentr\u00e9 \u2014 \u00e0 la maison, \u00e0 l\u2019\u00e9cole ou au bureau.<\/p>\n<p data-start=\"274\" data-end=\"574\">Douce pour les oreilles, apaisante pour les yeux gr\u00e2ce \u00e0 son feutre haut de gamme.<\/p>\n","protected":false},"featured_media":1761,"template":"","meta":[],"product_brand":[278],"product_cat":[131],"product_tag":[134,133],"class_list":{"0":"post-3295","1":"product","2":"type-product","3":"status-publish","4":"has-post-thumbnail","6":"product_brand-studiovix","7":"product_cat-acoustique","8":"product_tag-ecran-flexible","9":"product_tag-acoustique","10":"product_shipping_class-classe-dexpedition-petite","12":"first","13":"instock","14":"taxable","15":"shipping-taxable","16":"purchasable","17":"product-type-variable"},"aioseo_notices":[],"jetpack_sharing_enabled":true,"_links":{"self":[{"href":"https:\/\/shop.studiovix.nl\/fr\/wp-json\/wp\/v2\/product\/3295","targetHints":{"allow":["GET"]}}],"collection":[{"href":"https:\/\/shop.studiovix.nl\/fr\/wp-json\/wp\/v2\/product"}],"about":[{"href":"https:\/\/shop.studiovix.nl\/fr\/wp-json\/wp\/v2\/types\/product"}],"wp:featuredmedia":[{"embeddable":true,"href":"https:\/\/shop.studiovix.nl\/fr\/wp-json\/wp\/v2\/media\/1761"}],"wp:attachment":[{"href":"https:\/\/shop.studiovix.nl\/fr\/wp-json\/wp\/v2\/media?parent=3295"}],"wp:term":[{"taxonomy":"product_brand","embeddable":true,"href":"https:\/\/shop.studiovix.nl\/fr\/wp-json\/wp\/v2\/product_brand?post=3295"},{"taxonomy":"product_cat","embeddable":true,"href":"https:\/\/shop.studiovix.nl\/fr\/wp-json\/wp\/v2\/product_cat?post=3295"},{"taxonomy":"product_tag","embeddable":true,"href":"https:\/\/shop.studiovix.nl\/fr\/wp-json\/wp\/v2\/product_tag?post=3295"}],"curies":[{"name":"wp","href":"https:\/\/api.w.org\/{rel}","templated":true}]}}