{"id":3374,"date":"2023-05-30T01:53:44","date_gmt":"2023-05-30T01:53:44","guid":{"rendered":"https:\/\/shop.studiovix.nl\/product\/boom-porte-manteau\/"},"modified":"2023-05-30T01:53:44","modified_gmt":"2023-05-30T01:53:44","slug":"boom-porte-manteau","status":"publish","type":"product","link":"https:\/\/shop.studiovix.nl\/fr\/produit\/boom-porte-manteau\/","title":{"rendered":"BOOM Porte-manteau"},"content":{"rendered":"<p>Porte-manteau en forme de BOOM avec &#8211; 3 boutons de suspension suppl\u00e9mentaires &amp; &#8211; 2 aimants pour oiseaux ; &#8211; Cadre : acier peint par poudrage ; &#8211; Couleur : Noir &amp; Vert Dimensions : 1600*500*500 mm<\/p>\n<div>\n<p>D\u00e9lai de livraison aux Pays-Bas et en Belgique : 3-7 jours D\u00e9lai de livraison dans l&rsquo;Union europ\u00e9enne : 2 semaines Veuillez nous contacter : Pour des quantit\u00e9s plus importantes afin d&rsquo;\u00eatre s\u00fbr des d\u00e9lais de livraison. Pour une personnalisation, des couleurs et des tailles sp\u00e9cifiques.<\/p>\n<\/div>\n","protected":false},"excerpt":{"rendered":"<p>Un porte-manteau en forme d&rsquo;arbre, avec des branches, des boutons et des aimants pour oiseaux pour accrocher manteaux, id\u00e9es, notes et compliments.<br \/>\nUn design intemporel, \u00e9l\u00e9gant et pratique ! <\/p>\n","protected":false},"featured_media":1633,"template":"","meta":[],"product_brand":[],"product_cat":[149],"product_tag":[184],"class_list":{"0":"post-3374","1":"product","2":"type-product","3":"status-publish","4":"has-post-thumbnail","6":"product_cat-lampes-design-porte-manteaux","7":"product_tag-porte-manteau","8":"product_shipping_class-classe-dexpedition-grande","10":"first","11":"instock","12":"taxable","13":"shipping-taxable","14":"purchasable","15":"product-type-variable"},"aioseo_notices":[],"jetpack_sharing_enabled":true,"_links":{"self":[{"href":"https:\/\/shop.studiovix.nl\/fr\/wp-json\/wp\/v2\/product\/3374","targetHints":{"allow":["GET"]}}],"collection":[{"href":"https:\/\/shop.studiovix.nl\/fr\/wp-json\/wp\/v2\/product"}],"about":[{"href":"https:\/\/shop.studiovix.nl\/fr\/wp-json\/wp\/v2\/types\/product"}],"wp:featuredmedia":[{"embeddable":true,"href":"https:\/\/shop.studiovix.nl\/fr\/wp-json\/wp\/v2\/media\/1633"}],"wp:attachment":[{"href":"https:\/\/shop.studiovix.nl\/fr\/wp-json\/wp\/v2\/media?parent=3374"}],"wp:term":[{"taxonomy":"product_brand","embeddable":true,"href":"https:\/\/shop.studiovix.nl\/fr\/wp-json\/wp\/v2\/product_brand?post=3374"},{"taxonomy":"product_cat","embeddable":true,"href":"https:\/\/shop.studiovix.nl\/fr\/wp-json\/wp\/v2\/product_cat?post=3374"},{"taxonomy":"product_tag","embeddable":true,"href":"https:\/\/shop.studiovix.nl\/fr\/wp-json\/wp\/v2\/product_tag?post=3374"}],"curies":[{"name":"wp","href":"https:\/\/api.w.org\/{rel}","templated":true}]}}