{"id":3530,"date":"2023-05-23T07:24:46","date_gmt":"2023-05-23T07:24:46","guid":{"rendered":"https:\/\/shop.studiovix.nl\/product\/struis-designboard\/"},"modified":"2025-07-12T15:56:48","modified_gmt":"2025-07-12T15:56:48","slug":"paperboard-chevalet-de-conference","status":"publish","type":"product","link":"https:\/\/shop.studiovix.nl\/fr\/produit\/paperboard-chevalet-de-conference\/","title":{"rendered":"STRUIS DESIGNBOARD | Paperboard \u2013 Tableau blanc combin\u00e9"},"content":{"rendered":"<div class=\"vc_custom_heading_wrap \">\n<div class=\"heading-text el-text\">\n<h2 class=\"\" data-start=\"449\" data-end=\"520\"><strong data-start=\"455\" data-end=\"520\">STRUIS DESIGNBOARD | Paperboard \u2013 Tableau blanc avec d\u00e9rouleur de papier<\/strong><\/h2>\n<p class=\"\" data-start=\"522\" data-end=\"762\">\u00c9l\u00e9gant, multifonctionnel et unique, le STRUIS est \u00e0 la fois un paperboard et un tableau blanc magn\u00e9tique, \u00e9quip\u00e9 d\u2019un d\u00e9rouleur de papier int\u00e9gr\u00e9.<br \/>\nCette combinaison ing\u00e9nieuse est id\u00e9ale pour le brainstorming, les r\u00e9unions et les sessions cr\u00e9atives.<br \/>\nMont\u00e9 sur roulettes, le STRUIS est aussi extr\u00eamement mobile \u2013 vous le faites rouler l\u00e0 o\u00f9 vous en avez besoin.<\/p>\n<h3 class=\"\" data-start=\"764\" data-end=\"791\">Polyvalent &amp; \u00e9l\u00e9gant<\/h3>\n<p class=\"\" data-start=\"792\" data-end=\"1012\">Le STRUIS DESIGNBOARD a \u00e9t\u00e9 con\u00e7u avec soin, alliant fonctionnalit\u00e9 et esth\u00e9tique.<br \/>\nGr\u00e2ce \u00e0 ses pieds rabattables \u00e9l\u00e9gants et ses roulettes en option, le tableau se d\u00e9place facilement et s\u2019int\u00e8gre avec flexibilit\u00e9 dans tous les espaces. Les mod\u00e8les peuvent \u00eatre embo\u00eet\u00e9s pour un gain de place maximal.<\/p>\n<h3 class=\"\" data-start=\"1014\" data-end=\"1050\">Surface d\u2019\u00e9criture haut de gamme<\/h3>\n<p class=\"\" data-start=\"1051\" data-end=\"1112\"><strong data-start=\"1055\" data-end=\"1083\">La surface en \u00e9mail<\/strong> du STRUIS offre une qualit\u00e9 d\u2019\u00e9criture exceptionnelle.<br \/>\nToujours blanc, r\u00e9sistant aux rayures, facile \u00e0 nettoyer \u2013 avec une garantie de 25 ans sur la surface d\u2019\u00e9criture.<\/p>\n<p class=\"\" data-start=\"1048\" data-end=\"1262\">Compar\u00e9 au verre, au film plastique ou \u00e0 l\u2019acier peint, l\u2019\u00e9mail sur acier offre des performances sup\u00e9rieures\u202f:<br data-start=\"1143\" data-end=\"1146\" \/>\u2714 Excellente qualit\u00e9 d\u2019effa\u00e7age<br data-start=\"1172\" data-end=\"1175\" \/>\u2714 Lisibilit\u00e9 optimale<br data-start=\"1197\" data-end=\"1200\" \/>\u2714 Entretien facile<br data-start=\"1223\" data-end=\"1226\" \/>\u2714 Aspect soign\u00e9 et professionnel<\/p>\n<\/div>\n<h3 class=\"\" data-start=\"1328\" data-end=\"1357\">Avec d\u00e9rouleur de papier int\u00e9gr\u00e9 \u2013 pour un usage cr\u00e9atif<\/h3>\n<p class=\"\" data-start=\"1358\" data-end=\"1605\">Particularit\u00e9 du STRUIS : un d\u00e9rouleur de papier A1 (50\u202fm) int\u00e9gr\u00e9.<br \/>\nVous d\u00e9roulez le papier sur le tableau ou sur une table \u2013 parfait pour \u00e9crire sans fin. Et une fois suspendu sous le tableau, le rouleau ne g\u00eane pas l\u2019espace d\u2019\u00e9criture.<\/p>\n<p class=\"\" data-start=\"1607\" data-end=\"1728\">\u00c9quip\u00e9 en plus de crochets <strong data-start=\"1685\" data-end=\"1727\">ajustables pour blocs paperboard (tous formats et marques).<\/strong><\/p>\n<\/div>\n<h3 class=\"\" data-start=\"1730\" data-end=\"1763\">S\u2019adapte \u00e0 tout environnement<\/h3>\n<p class=\"\" data-start=\"1764\" data-end=\"1803\">Le STRUIS s\u2019ajuste \u00e0 l\u2019espace et \u00e0 vos besoins\u202f:<\/p>\n<ul data-start=\"1804\" data-end=\"2067\">\n<li class=\"\" data-start=\"1804\" data-end=\"1855\">\n<p class=\"\" data-start=\"1806\" data-end=\"1855\"><strong data-start=\"1806\" data-end=\"1820\">\u00b7 Utilisation autonome<\/strong> avec pieds d\u00e9ploy\u00e9s<\/p>\n<\/li>\n<li class=\"\" data-start=\"1856\" data-end=\"1918\">\n<p class=\"\" data-start=\"1858\" data-end=\"1918\">\u00b7 <strong data-start=\"1858\" data-end=\"1877\">Gain de place<\/strong> contre le mur avec pieds arri\u00e8re repli\u00e9s<\/p>\n<\/li>\n<li class=\"\" data-start=\"1919\" data-end=\"1991\">\n<p class=\"\" data-start=\"1921\" data-end=\"1991\"><strong data-start=\"1921\" data-end=\"1936\">\u00b7 Mobile<\/strong> gr\u00e2ce \u00e0 4 roulettes en caoutchouc (2 avec freins)<\/p>\n<\/li>\n<li class=\"\" data-start=\"1992\" data-end=\"2067\">\n<p class=\"\" data-start=\"1994\" data-end=\"2067\">\u00b7 <strong data-start=\"1994\" data-end=\"2016\"> Compact et facile <\/strong>\u00e0 replier pour des r\u00e9unions modulables<\/p>\n<\/li>\n<\/ul>\n<div class=\"vc_custom_heading_wrap \">\n<div class=\"heading-text el-text\"><\/div>\n<\/div>\n<h3 class=\"\" data-start=\"2069\" data-end=\"2096\">Les avantages du STRUIS, en un coup d&rsquo;\u0153il :<\/h3>\n<ul data-start=\"2097\" data-end=\"2517\">\n<li class=\"\" data-start=\"2097\" data-end=\"2151\">\n<p class=\"\" data-start=\"2099\" data-end=\"2151\">\u00b7 3-en-1 : <strong data-start=\"2107\" data-end=\"2151\">Paperboard design + tableau blanc + d\u00e9rouleur de papier<\/strong><\/p>\n<\/li>\n<li class=\"\" data-start=\"2152\" data-end=\"2221\">\n<p class=\"\" data-start=\"2154\" data-end=\"2221\"><strong data-start=\"2154\" data-end=\"2193\">\u00b7 Surface d\u2019\u00e9criture \u00e9maill\u00e9e magn\u00e9tique,<\/strong> r\u00e9sistante aux rayures, garantie 25 ans<\/p>\n<\/li>\n<li class=\"\" data-start=\"2222\" data-end=\"2278\">\n<p class=\"\" data-start=\"2224\" data-end=\"2278\"><strong data-start=\"2224\" data-end=\"2243\">\u00b7 D\u00e9rouleur<\/strong> int\u00e9gr\u00e9 pour rouleaux A1 (50 m\u00e8tres)<\/p>\n<\/li>\n<li class=\"\" data-start=\"2279\" data-end=\"2334\">\n<p class=\"\" data-start=\"2281\" data-end=\"2334\">\u00b7 <strong data-start=\"2281\" data-end=\"2302\">Crochets adapt\u00e9s<\/strong> \u00e0 tous formats de papier<\/p>\n<\/li>\n<li class=\"\" data-start=\"2335\" data-end=\"2388\">\n<p class=\"\" data-start=\"2337\" data-end=\"2388\">\u00b7 <strong data-start=\"2337\" data-end=\"2357\"> Pieds rabattables<\/strong> pour une utilisation murale ou libre<\/p>\n<\/li>\n<li class=\"\" data-start=\"2389\" data-end=\"2429\">\n<p class=\"\" data-start=\"2391\" data-end=\"2429\">\u00b7 <strong data-start=\"2391\" data-end=\"2406\"> Mobile <\/strong>et facile \u00e0 d\u00e9placer<\/p>\n<\/li>\n<li class=\"\" data-start=\"2430\" data-end=\"2480\">\n<p class=\"\" data-start=\"2432\" data-end=\"2480\"><strong data-start=\"2432\" data-end=\"2463\">Design durable &amp; circulaire<\/strong>, 99\u202f% recyclable<\/p>\n<\/li>\n<li class=\"\" data-start=\"2481\" data-end=\"2517\">\n<p class=\"\" data-start=\"2483\" data-end=\"2517\">\u00b7 100\u202f% con\u00e7u et fabriqu\u00e9 avec soin aux Pays-Bas<\/p>\n<\/li>\n<\/ul>\n<h3 data-start=\"2483\" data-end=\"2517\"><strong>Dimensions<\/strong><\/h3>\n<p>du STRUIS DESIGNBOARD | Paperboard design &amp; Tableau blanc<\/p>\n<p>710*1850*360 (\/120) mm<\/p>\n<h3><strong>Couleurs disponibles :<\/strong><\/h3>\n<p>Le STRUIS est thermolaqu\u00e9 avec une finition textur\u00e9e, pour un aspect doux et mat, disponible en plusieurs teintes :<\/p>\n<div class=\"uncode_text_column\">\n<ul>\n<li><em>\u00b7 Noir, RAL 9005<\/em><\/li>\n<li><em>\u00b7 Blanc, RAL 9016<\/em><\/li>\n<li><em>\u00b7 Rose terracotta, RAL 3012<\/em><\/li>\n<li>\u00b7 <em>Vert<\/em>, RAL 6011<\/li>\n<li>\u00b7 <strong> <em>\u00c9dition sp\u00e9ciale <\/em><\/strong>: <em>Vert menthe, RAL 6019<\/em><\/li>\n<li>\u00b7 Et sur demande : d&rsquo;autres couleurs disponibles<\/li>\n<li><img fetchpriority=\"high\" decoding=\"async\" class=\"alignnone size-medium wp-image-4521\" src=\"https:\/\/shop.studiovix.nl\/wp-content\/uploads\/2025\/04\/STRUIS-Design-Whiteboard-Flipchart-Flipover-in-various-colours-4-208x300.jpeg\" alt=\"\" width=\"208\" height=\"300\" \/><img decoding=\"async\" class=\"alignnone wp-image-8117 size-medium\" src=\"https:\/\/shop.studiovix.nl\/wp-content\/uploads\/2025\/05\/STRUIS-Flipchart-flipover-paperboard-Mint-groen-e1747067475593-300x300.jpg\" alt=\"\" width=\"300\" height=\"300\" srcset=\"https:\/\/shop.studiovix.nl\/wp-content\/uploads\/2025\/05\/STRUIS-Flipchart-flipover-paperboard-Mint-groen-e1747067475593-300x300.jpg 300w, https:\/\/shop.studiovix.nl\/wp-content\/uploads\/2025\/05\/STRUIS-Flipchart-flipover-paperboard-Mint-groen-e1747067475593-150x150.jpg 150w, https:\/\/shop.studiovix.nl\/wp-content\/uploads\/2025\/05\/STRUIS-Flipchart-flipover-paperboard-Mint-groen-e1747067475593-768x768.jpg 768w, https:\/\/shop.studiovix.nl\/wp-content\/uploads\/2025\/05\/STRUIS-Flipchart-flipover-paperboard-Mint-groen-e1747067475593-600x600.jpg 600w, https:\/\/shop.studiovix.nl\/wp-content\/uploads\/2025\/05\/STRUIS-Flipchart-flipover-paperboard-Mint-groen-e1747067475593-100x100.jpg 100w, https:\/\/shop.studiovix.nl\/wp-content\/uploads\/2025\/05\/STRUIS-Flipchart-flipover-paperboard-Mint-groen-e1747067475593.jpg 1000w\" sizes=\"(max-width: 300px) 100vw, 300px\" \/><\/li>\n<\/ul>\n<h3>Durable &amp; 100\u202f% fabriqu\u00e9 aux Pays-Bas<\/h3>\n<p>Le STRUIS est enti\u00e8rement con\u00e7u et produit aux Pays-Bas, selon les principes de design circulaire de l\u2019Universit\u00e9 de technologie de Delft.<br \/>\nIl est compos\u00e9 \u00e0 99\u202f% de mat\u00e9riaux recyclables.De STRUIS design flipover-whiteboard wordt met veel zorg geheel gemaakt in Nederland en is ontworpen volgens de circulaire design principes van de TU Delft; zijnde 99% recyclebaar.<\/p>\n<p><img decoding=\"async\" class=\"alignnone size-medium wp-image-4505\" src=\"https:\/\/shop.studiovix.nl\/wp-content\/uploads\/2025\/04\/circularity-300x100.png\" alt=\"\" width=\"300\" height=\"100\" srcset=\"https:\/\/shop.studiovix.nl\/wp-content\/uploads\/2025\/04\/circularity-300x100.png 300w, https:\/\/shop.studiovix.nl\/wp-content\/uploads\/2025\/04\/circularity.png 510w\" sizes=\"(max-width: 300px) 100vw, 300px\" \/><\/p>\n<p><strong>D\u00e9lai de livraison aux Pays-Bas et en Belgique<\/strong> : 3-7 jours<\/p>\n<\/div>\n<div>\n<p>D\u00e9lai de livraison dans l&rsquo;UE : 2 semaines<\/p>\n<p>Contactez-nous pour une commande, une facture HT ou pour toute question.<br \/>\n\ud83d\udcde Appelez-nous ou envoyez-nous un <a href=\"mailto:sales@studiovix.nl\">e-mail<\/a> | <strong>+31 (0)30 760 01 70<\/strong><\/p>\n<p>_________________________<\/p>\n<div class=\"vc_custom_heading_wrap \">\n<div class=\"heading-text el-text\">\n<h3><img loading=\"lazy\" decoding=\"async\" class=\"alignnone size-medium wp-image-4610\" style=\"font-size: 16px;\" src=\"https:\/\/shop.studiovix.nl\/wp-content\/uploads\/2025\/04\/design-whiteboard-en-flipovers-StudioVIX-300x148.jpg\" alt=\"Design de paperboards &amp; tableaux blancs | StudioVIX\" width=\"300\" height=\"148\" srcset=\"https:\/\/shop.studiovix.nl\/wp-content\/uploads\/2025\/04\/design-whiteboard-en-flipovers-StudioVIX-300x148.jpg 300w, https:\/\/shop.studiovix.nl\/wp-content\/uploads\/2025\/04\/design-whiteboard-en-flipovers-StudioVIX-1024x503.jpg 1024w, https:\/\/shop.studiovix.nl\/wp-content\/uploads\/2025\/04\/design-whiteboard-en-flipovers-StudioVIX-768x378.jpg 768w, https:\/\/shop.studiovix.nl\/wp-content\/uploads\/2025\/04\/design-whiteboard-en-flipovers-StudioVIX-600x295.jpg 600w, https:\/\/shop.studiovix.nl\/wp-content\/uploads\/2025\/04\/design-whiteboard-en-flipovers-StudioVIX.jpg 1200w\" sizes=\"(max-width: 300px) 100vw, 300px\" \/><\/h3>\n<h3 data-start=\"2947\" data-end=\"2987\">D\u00e9couvrez aussi les autres mod\u00e8les VIX :<\/h3>\n<\/div>\n<\/div>\n<div class=\"uncode_text_column\">\n<div class=\"uncoltable\">\n<div class=\"uncell boomapps_vccolumn no-block-padding\">\n<div class=\"uncont\">\n<div class=\"uncode_text_column\">\n<p><strong><a href=\"https:\/\/shop.studiovix.nl\/fr\/produit\/paperboard-chevalet-de-conference\/\">&gt; STRUIS<\/a><\/strong> : Le plus beau paperboard-tableau blanc (flipchart-whiteboard) avec rouleau de papier<\/p>\n<p><strong><a href=\"https:\/\/shop.studiovix.nl\/fr\/produit\/tableau-blanc-mobile-scrumboard\/\">&gt; UIL: <\/a><\/strong><br \/>\nUn tableau blanc mobile, magn\u00e9tique double-face avec un support de rouleau de papier, une bo\u00eete de rangement et un kit scrum.<\/p>\n<p><strong><a href=\"https:\/\/shop.studiovix.nl\/fr\/produit\/tableau-blanc-portable\/\">&gt; SNIP: <\/a><\/strong>Un tableau blanc portable pouvant<\/p>\n<p><strong><a href=\"https:\/\/shop.studiovix.nl\/fr\/produit\/gekko-tableau-blanc-mural\/\">&gt; GEKKO : <\/a><\/strong>Tableau blanc mural \u00e9l\u00e9gant et magn\u00e9tique<\/p>\n<p><strong><a href=\"https:\/\/shop.studiovix.nl\/fr\/produit\/tableau-blanc-mobile-agileboard\/\">&gt; PAD:<\/a><\/strong> Agileboard &#8211; Un tableau blanc et d\u2019affichage mobile servant \u00e9galement de cloison, compos\u00e9 d\u2019un grand tableau blanc \u00e9maill\u00e9 magn\u00e9tique et d\u2019un panneau d\u2019affichage acoustique en feutre.<\/p>\n<p><strong><a href=\"https:\/\/shop.studiovix.nl\/fr\/produit\/barre-magnetique-flipchart-accessoires\/\">&gt; TAK : <\/a><\/strong>Un support de suspension pour tableau blanc, flipchart &#8211; magn\u00e9tique avec des crochets cach\u00e9s pour y suspendre des objets.<\/p>\n<\/div>\n<\/div>\n<\/div>\n<\/div>\n<\/div>\n<\/div>\n","protected":false},"excerpt":{"rendered":"<p class=\"\" data-start=\"112\" data-end=\"331\"><strong data-start=\"112\" data-end=\"144\">Paperboard design \u2013 tableau blanc <\/strong>(\u00e9maill\u00e9, magn\u00e9tique, r\u00e9sistant aux rayures, reste blanc) avec d\u00e9rouleur de papier, solidement pos\u00e9 sur ses \u00e9l\u00e9gants pieds.<br data-start=\"251\" data-end=\"254\" \/>Styl\u00e9, polyvalent et durable. Un v\u00e9ritable <em data-start=\"300\" data-end=\"313\">accroche-regard<\/em> dans tout type d\u2019int\u00e9rieur\u202f!<\/p>\n<p class=\"\" data-start=\"333\" data-end=\"447\">Gr\u00e2ce \u00e0 ses roulettes, STRUIS est un paperboard-tableau blanc mobile qui se d\u00e9place ais\u00e9ment partout o\u00f9 vous en avez besoin.<\/p>\n<h6 data-start=\"333\" data-end=\"447\"><a href=\"mailto:sales@studiovix.nl\">Contactez-nous<\/a> pour une commande \/ une facture HT ou pour toute question.<\/h6>\n","protected":false},"featured_media":1905,"template":"","meta":[],"product_brand":[278],"product_cat":[109],"product_tag":[341,287,288,286,292,291,343,290],"class_list":{"0":"post-3530","1":"product","2":"type-product","3":"status-publish","4":"has-post-thumbnail","6":"product_brand-studiovix","7":"product_cat-outils-de-reunion","8":"product_tag-flipchart-et-whiteboard-2-en-1","9":"product_tag-paperboard","10":"product_tag-paperboard-tableau-blanc","11":"product_tag-paperboard-design","12":"product_tag-paperboard-mobile","13":"product_tag-paperboard-sur-roulettes","14":"product_tag-support-de-flipchart","15":"product_tag-support-de-paperboard","16":"product_shipping_class-classe-dexpedition-grande","18":"first","19":"instock","20":"taxable","21":"shipping-taxable","22":"purchasable","23":"product-type-variable"},"aioseo_notices":[],"jetpack_sharing_enabled":true,"_links":{"self":[{"href":"https:\/\/shop.studiovix.nl\/fr\/wp-json\/wp\/v2\/product\/3530","targetHints":{"allow":["GET"]}}],"collection":[{"href":"https:\/\/shop.studiovix.nl\/fr\/wp-json\/wp\/v2\/product"}],"about":[{"href":"https:\/\/shop.studiovix.nl\/fr\/wp-json\/wp\/v2\/types\/product"}],"wp:featuredmedia":[{"embeddable":true,"href":"https:\/\/shop.studiovix.nl\/fr\/wp-json\/wp\/v2\/media\/1905"}],"wp:attachment":[{"href":"https:\/\/shop.studiovix.nl\/fr\/wp-json\/wp\/v2\/media?parent=3530"}],"wp:term":[{"taxonomy":"product_brand","embeddable":true,"href":"https:\/\/shop.studiovix.nl\/fr\/wp-json\/wp\/v2\/product_brand?post=3530"},{"taxonomy":"product_cat","embeddable":true,"href":"https:\/\/shop.studiovix.nl\/fr\/wp-json\/wp\/v2\/product_cat?post=3530"},{"taxonomy":"product_tag","embeddable":true,"href":"https:\/\/shop.studiovix.nl\/fr\/wp-json\/wp\/v2\/product_tag?post=3530"}],"curies":[{"name":"wp","href":"https:\/\/api.w.org\/{rel}","templated":true}]}}